{"id":6788,"date":"2023-11-20T10:39:06","date_gmt":"2023-11-20T09:39:06","guid":{"rendered":"https:\/\/go4robot.pl\/sklep\/?post_type=product&#038;p=6788"},"modified":"2026-03-25T19:25:06","modified_gmt":"2026-03-25T18:25:06","slug":"warsztaty-okazjonalne-z-g4r-poznan","status":"publish","type":"product","link":"https:\/\/go4robot.pl\/sklep\/warsztaty-okazjonalne-z-g4r-poznan\/","title":{"rendered":"Warsztaty okazjonalne z G4R Pozna\u0144"},"content":{"rendered":"<p>Za pomoc\u0105 tego produktu mo\u017cesz w szybki i \u0142atwy spos\u00f3b op\u0142aci\u0107 warsztaty okazjonalne dla swojego dziecka z GO4Robot\u00ae!<\/p>\n<p>W jaki spos\u00f3b op\u0142aci\u0107 warsztaty okazjonalne?<br \/>\nProsimy o wpisanie odpowiednich informacji:<br \/>\n- kwot\u0119 do zap\u0142aty podan\u0105 w tre\u015bci maila,<br \/>\n- imi\u0119 dziecka, za kt\u00f3re dokonywana jest p\u0142atno\u015b\u0107 oraz dat\u0119 warsztat\u00f3w (w komentarzu zam\u00f3wienia).<\/p>\n<p>&nbsp;<\/p>\n<p>&nbsp;<\/p>\n<p>&nbsp;<\/p>\n","protected":false},"excerpt":{"rendered":"<p>Za pomoc\u0105 tego produktu mo\u017cesz w szybki i \u0142atwy spos\u00f3b op\u0142aci\u0107 warsztaty okazjonalne dla swojego dziecka z GO4Robot\u00ae!<\/p>\n<p>W jaki spos\u00f3b op\u0142aci\u0107 warsztaty okazjonalne?<br \/>\n<em>Prosimy o wpisanie odpowiednich informacji:<\/em><br \/>\n<em>- kwot\u0119 do zap\u0142aty podan\u0105 w tre\u015bci maila,<\/em><br \/>\n<em>- imi\u0119 dziecka, za kt\u00f3re dokonywana jest p\u0142atno\u015b\u0107 oraz dat\u0119 warsztat\u00f3w<\/em><em>\u00a0(w komentarzu zam\u00f3wienia).<\/em><\/p>\n","protected":false},"featured_media":7591,"comment_status":"open","ping_status":"closed","template":"","meta":{"inline_featured_image":false},"product_cat":[294],"product_tag":[286,287,288],"acf":[],"yoast_head":"<!-- This site is optimized with the Yoast SEO plugin v19.10 - https:\/\/yoast.com\/wordpress\/plugins\/seo\/ -->\n<title>Warsztaty okazjonalne z G4R Pozna\u0144 - Sklep GO4Robot<\/title>\n<meta name=\"description\" content=\"W \u0142atwy i szybki spos\u00f3b op\u0142a\u0107 udzia\u0142 swojego dziecka w warsztatach okazjonalnych organizowanych przez GO4Robot Pozna\u0144!\" \/>\n<meta name=\"robots\" content=\"index, follow, max-snippet:-1, max-image-preview:large, max-video-preview:-1\" \/>\n<link rel=\"canonical\" href=\"https:\/\/go4robot.pl\/sklep\/warsztaty-okazjonalne-z-g4r-poznan\/\" \/>\n<meta property=\"og:locale\" content=\"pl_PL\" \/>\n<meta property=\"og:type\" content=\"article\" \/>\n<meta property=\"og:title\" content=\"Warsztaty okazjonalne z G4R Pozna\u0144 - Sklep GO4Robot\" \/>\n<meta property=\"og:description\" content=\"W \u0142atwy i szybki spos\u00f3b op\u0142a\u0107 udzia\u0142 swojego dziecka w warsztatach okazjonalnych organizowanych przez GO4Robot Pozna\u0144!\" \/>\n<meta property=\"og:url\" content=\"https:\/\/go4robot.pl\/sklep\/warsztaty-okazjonalne-z-g4r-poznan\/\" \/>\n<meta property=\"og:site_name\" content=\"Sklep GO4Robot\" \/>\n<meta property=\"article:modified_time\" content=\"2026-03-25T18:25:06+00:00\" \/>\n<meta property=\"og:image\" content=\"https:\/\/go4robot.pl\/sklep\/wp-content\/uploads\/LIPIEC-01-\u2013-kopia-sklep-1.png\" \/>\n\t<meta property=\"og:image:width\" content=\"1080\" \/>\n\t<meta property=\"og:image:height\" content=\"1080\" \/>\n\t<meta property=\"og:image:type\" content=\"image\/png\" \/>\n<meta name=\"twitter:card\" content=\"summary_large_image\" \/>\n<meta name=\"twitter:label1\" content=\"Szacowany czas czytania\" \/>\n\t<meta name=\"twitter:data1\" content=\"1 minuta\" \/>\n<script type=\"application\/ld+json\" class=\"yoast-schema-graph\">{\"@context\":\"https:\/\/schema.org\",\"@graph\":[{\"@type\":\"WebPage\",\"@id\":\"https:\/\/go4robot.pl\/sklep\/warsztaty-okazjonalne-z-g4r-poznan\/\",\"url\":\"https:\/\/go4robot.pl\/sklep\/warsztaty-okazjonalne-z-g4r-poznan\/\",\"name\":\"Warsztaty okazjonalne z G4R Pozna\u0144 - Sklep GO4Robot\",\"isPartOf\":{\"@id\":\"https:\/\/go4robot.pl\/sklep\/#website\"},\"datePublished\":\"2023-11-20T09:39:06+00:00\",\"dateModified\":\"2026-03-25T18:25:06+00:00\",\"description\":\"W \u0142atwy i szybki spos\u00f3b op\u0142a\u0107 udzia\u0142 swojego dziecka w warsztatach okazjonalnych organizowanych przez GO4Robot Pozna\u0144!\",\"breadcrumb\":{\"@id\":\"https:\/\/go4robot.pl\/sklep\/warsztaty-okazjonalne-z-g4r-poznan\/#breadcrumb\"},\"inLanguage\":\"pl-PL\",\"potentialAction\":[{\"@type\":\"ReadAction\",\"target\":[\"https:\/\/go4robot.pl\/sklep\/warsztaty-okazjonalne-z-g4r-poznan\/\"]}]},{\"@type\":\"BreadcrumbList\",\"@id\":\"https:\/\/go4robot.pl\/sklep\/warsztaty-okazjonalne-z-g4r-poznan\/#breadcrumb\",\"itemListElement\":[{\"@type\":\"ListItem\",\"position\":1,\"name\":\"Go4Robot\",\"item\":\"https:\/\/go4robot.pl\/sklep\/\"},{\"@type\":\"ListItem\",\"position\":2,\"name\":\"Produkty\",\"item\":\"https:\/\/go4robot.pl\/sklep\/\"},{\"@type\":\"ListItem\",\"position\":3,\"name\":\"Warsztaty okazjonalne z G4R Pozna\u0144\"}]},{\"@type\":\"WebSite\",\"@id\":\"https:\/\/go4robot.pl\/sklep\/#website\",\"url\":\"https:\/\/go4robot.pl\/sklep\/\",\"name\":\"Sklep GO4Robot\",\"description\":\"Robotyka dla dzieci\",\"publisher\":{\"@id\":\"https:\/\/go4robot.pl\/sklep\/#organization\"},\"potentialAction\":[{\"@type\":\"SearchAction\",\"target\":{\"@type\":\"EntryPoint\",\"urlTemplate\":\"https:\/\/go4robot.pl\/sklep\/?s={search_term_string}\"},\"query-input\":\"required name=search_term_string\"}],\"inLanguage\":\"pl-PL\"},{\"@type\":\"Organization\",\"@id\":\"https:\/\/go4robot.pl\/sklep\/#organization\",\"name\":\"Go4Robot\",\"url\":\"https:\/\/go4robot.pl\/sklep\/\",\"logo\":{\"@type\":\"ImageObject\",\"inLanguage\":\"pl-PL\",\"@id\":\"https:\/\/go4robot.pl\/sklep\/#\/schema\/logo\/image\/\",\"url\":\"https:\/\/go4robot.pl\/sklep\/wp-content\/uploads\/2021\/02\/go4robot-logo.svg\",\"contentUrl\":\"https:\/\/go4robot.pl\/sklep\/wp-content\/uploads\/2021\/02\/go4robot-logo.svg\",\"width\":400,\"height\":400,\"caption\":\"Go4Robot\"},\"image\":{\"@id\":\"https:\/\/go4robot.pl\/sklep\/#\/schema\/logo\/image\/\"}}]}<\/script>\n<!-- \/ Yoast SEO plugin. -->","yoast_head_json":{"title":"Warsztaty okazjonalne z G4R Pozna\u0144 - Sklep GO4Robot","description":"W \u0142atwy i szybki spos\u00f3b op\u0142a\u0107 udzia\u0142 swojego dziecka w warsztatach okazjonalnych organizowanych przez GO4Robot Pozna\u0144!","robots":{"index":"index","follow":"follow","max-snippet":"max-snippet:-1","max-image-preview":"max-image-preview:large","max-video-preview":"max-video-preview:-1"},"canonical":"https:\/\/go4robot.pl\/sklep\/warsztaty-okazjonalne-z-g4r-poznan\/","og_locale":"pl_PL","og_type":"article","og_title":"Warsztaty okazjonalne z G4R Pozna\u0144 - Sklep GO4Robot","og_description":"W \u0142atwy i szybki spos\u00f3b op\u0142a\u0107 udzia\u0142 swojego dziecka w warsztatach okazjonalnych organizowanych przez GO4Robot Pozna\u0144!","og_url":"https:\/\/go4robot.pl\/sklep\/warsztaty-okazjonalne-z-g4r-poznan\/","og_site_name":"Sklep GO4Robot","article_modified_time":"2026-03-25T18:25:06+00:00","og_image":[{"width":1080,"height":1080,"url":"https:\/\/go4robot.pl\/sklep\/wp-content\/uploads\/LIPIEC-01-\u2013-kopia-sklep-1.png","type":"image\/png"}],"twitter_card":"summary_large_image","twitter_misc":{"Szacowany czas czytania":"1 minuta"},"schema":{"@context":"https:\/\/schema.org","@graph":[{"@type":"WebPage","@id":"https:\/\/go4robot.pl\/sklep\/warsztaty-okazjonalne-z-g4r-poznan\/","url":"https:\/\/go4robot.pl\/sklep\/warsztaty-okazjonalne-z-g4r-poznan\/","name":"Warsztaty okazjonalne z G4R Pozna\u0144 - Sklep GO4Robot","isPartOf":{"@id":"https:\/\/go4robot.pl\/sklep\/#website"},"datePublished":"2023-11-20T09:39:06+00:00","dateModified":"2026-03-25T18:25:06+00:00","description":"W \u0142atwy i szybki spos\u00f3b op\u0142a\u0107 udzia\u0142 swojego dziecka w warsztatach okazjonalnych organizowanych przez GO4Robot Pozna\u0144!","breadcrumb":{"@id":"https:\/\/go4robot.pl\/sklep\/warsztaty-okazjonalne-z-g4r-poznan\/#breadcrumb"},"inLanguage":"pl-PL","potentialAction":[{"@type":"ReadAction","target":["https:\/\/go4robot.pl\/sklep\/warsztaty-okazjonalne-z-g4r-poznan\/"]}]},{"@type":"BreadcrumbList","@id":"https:\/\/go4robot.pl\/sklep\/warsztaty-okazjonalne-z-g4r-poznan\/#breadcrumb","itemListElement":[{"@type":"ListItem","position":1,"name":"Go4Robot","item":"https:\/\/go4robot.pl\/sklep\/"},{"@type":"ListItem","position":2,"name":"Produkty","item":"https:\/\/go4robot.pl\/sklep\/"},{"@type":"ListItem","position":3,"name":"Warsztaty okazjonalne z G4R Pozna\u0144"}]},{"@type":"WebSite","@id":"https:\/\/go4robot.pl\/sklep\/#website","url":"https:\/\/go4robot.pl\/sklep\/","name":"Sklep GO4Robot","description":"Robotyka dla dzieci","publisher":{"@id":"https:\/\/go4robot.pl\/sklep\/#organization"},"potentialAction":[{"@type":"SearchAction","target":{"@type":"EntryPoint","urlTemplate":"https:\/\/go4robot.pl\/sklep\/?s={search_term_string}"},"query-input":"required name=search_term_string"}],"inLanguage":"pl-PL"},{"@type":"Organization","@id":"https:\/\/go4robot.pl\/sklep\/#organization","name":"Go4Robot","url":"https:\/\/go4robot.pl\/sklep\/","logo":{"@type":"ImageObject","inLanguage":"pl-PL","@id":"https:\/\/go4robot.pl\/sklep\/#\/schema\/logo\/image\/","url":"https:\/\/go4robot.pl\/sklep\/wp-content\/uploads\/2021\/02\/go4robot-logo.svg","contentUrl":"https:\/\/go4robot.pl\/sklep\/wp-content\/uploads\/2021\/02\/go4robot-logo.svg","width":400,"height":400,"caption":"Go4Robot"},"image":{"@id":"https:\/\/go4robot.pl\/sklep\/#\/schema\/logo\/image\/"}}]}},"_links":{"self":[{"href":"https:\/\/go4robot.pl\/sklep\/wp-json\/wp\/v2\/product\/6788"}],"collection":[{"href":"https:\/\/go4robot.pl\/sklep\/wp-json\/wp\/v2\/product"}],"about":[{"href":"https:\/\/go4robot.pl\/sklep\/wp-json\/wp\/v2\/types\/product"}],"replies":[{"embeddable":true,"href":"https:\/\/go4robot.pl\/sklep\/wp-json\/wp\/v2\/comments?post=6788"}],"wp:featuredmedia":[{"embeddable":true,"href":"https:\/\/go4robot.pl\/sklep\/wp-json\/wp\/v2\/media\/7591"}],"wp:attachment":[{"href":"https:\/\/go4robot.pl\/sklep\/wp-json\/wp\/v2\/media?parent=6788"}],"wp:term":[{"taxonomy":"product_cat","embeddable":true,"href":"https:\/\/go4robot.pl\/sklep\/wp-json\/wp\/v2\/product_cat?post=6788"},{"taxonomy":"product_tag","embeddable":true,"href":"https:\/\/go4robot.pl\/sklep\/wp-json\/wp\/v2\/product_tag?post=6788"}],"curies":[{"name":"wp","href":"https:\/\/api.w.org\/{rel}","templated":true}]}}