{"id":5798,"date":"2022-03-10T16:18:13","date_gmt":"2022-03-10T15:18:13","guid":{"rendered":"https:\/\/go4robot.pl\/sklep\/?post_type=product&#038;p=5798"},"modified":"2025-07-01T12:24:45","modified_gmt":"2025-07-01T11:24:45","slug":"rzuty-karne-python-od-podstaw-2","status":"publish","type":"product","link":"https:\/\/go4robot.pl\/sklep\/rzuty-karne-python-od-podstaw-2\/","title":{"rendered":"Rzuty karne - Python od podstaw!"},"content":{"rendered":"<p>aa<\/p>\n","protected":false},"excerpt":{"rendered":"<p>Kurs sk\u0142ada si\u0119 z <b>o\u015bmiu<\/b><strong>\u00a0kr\u00f3tkich lekcji<\/strong>, podczas kt\u00f3rych napiszemy pierwsz\u0105 gr\u0119 w j\u0119zyku Python - Rzuty karne. Gra polega oczywi\u015bcie na strzelaniu goli, a zadaniem gracza jest tak ustawi\u0107 pr\u0119dko\u015b\u0107 i kierunek lotu pi\u0142ki, aby okiwa\u0107 bramkarza. Do programowania wykorzystamy \u015brodowisko PixBlocks. Posiada ono przejrzysty interfejs, dzi\u0119ki czemu nawet je\u015bli jest to Twoja pierwsza styczno\u015b\u0107 z programowaniem, szybko odnajdziesz si\u0119 w linijkach kodu.<\/p>\n","protected":false},"featured_media":5799,"comment_status":"open","ping_status":"closed","template":"","meta":{"inline_featured_image":false},"product_cat":[24,300],"product_tag":[],"acf":[],"yoast_head":"<!-- This site is optimized with the Yoast SEO plugin v19.10 - https:\/\/yoast.com\/wordpress\/plugins\/seo\/ -->\n<title>Rzuty karne - Python od podstaw! - Sklep GO4Robot<\/title>\n<meta name=\"description\" content=\"Stw\u00f3rz z nami swoj\u0105 w\u0142asn\u0105 pierwsz\u0105 gr\u0119 w j\u0119zyku programowym Python. Kurs sk\u0142ada si\u0119 z 8 kr\u00f3tki lekcji. Zaczynajmy!\" \/>\n<meta name=\"robots\" content=\"index, follow, max-snippet:-1, max-image-preview:large, max-video-preview:-1\" \/>\n<link rel=\"canonical\" href=\"https:\/\/go4robot.pl\/sklep\/rzuty-karne-python-od-podstaw-2\/\" \/>\n<meta property=\"og:locale\" content=\"pl_PL\" \/>\n<meta property=\"og:type\" content=\"article\" \/>\n<meta property=\"og:title\" content=\"Rzuty karne - Python od podstaw! - Sklep GO4Robot\" \/>\n<meta property=\"og:description\" content=\"Stw\u00f3rz z nami swoj\u0105 w\u0142asn\u0105 pierwsz\u0105 gr\u0119 w j\u0119zyku programowym Python. Kurs sk\u0142ada si\u0119 z 8 kr\u00f3tki lekcji. Zaczynajmy!\" \/>\n<meta property=\"og:url\" content=\"https:\/\/go4robot.pl\/sklep\/rzuty-karne-python-od-podstaw-2\/\" \/>\n<meta property=\"og:site_name\" content=\"Sklep GO4Robot\" \/>\n<meta property=\"article:modified_time\" content=\"2025-07-01T11:24:45+00:00\" \/>\n<meta property=\"og:image\" content=\"https:\/\/go4robot.pl\/sklep\/wp-content\/uploads\/2-1.png\" \/>\n\t<meta property=\"og:image:width\" content=\"1080\" \/>\n\t<meta property=\"og:image:height\" content=\"1080\" \/>\n\t<meta property=\"og:image:type\" content=\"image\/png\" \/>\n<meta name=\"twitter:card\" content=\"summary_large_image\" \/>\n<meta name=\"twitter:label1\" content=\"Szacowany czas czytania\" \/>\n\t<meta name=\"twitter:data1\" content=\"1 minuta\" \/>\n<script type=\"application\/ld+json\" class=\"yoast-schema-graph\">{\"@context\":\"https:\/\/schema.org\",\"@graph\":[{\"@type\":\"WebPage\",\"@id\":\"https:\/\/go4robot.pl\/sklep\/rzuty-karne-python-od-podstaw-2\/\",\"url\":\"https:\/\/go4robot.pl\/sklep\/rzuty-karne-python-od-podstaw-2\/\",\"name\":\"Rzuty karne - Python od podstaw! - Sklep GO4Robot\",\"isPartOf\":{\"@id\":\"https:\/\/go4robot.pl\/sklep\/#website\"},\"datePublished\":\"2022-03-10T15:18:13+00:00\",\"dateModified\":\"2025-07-01T11:24:45+00:00\",\"description\":\"Stw\u00f3rz z nami swoj\u0105 w\u0142asn\u0105 pierwsz\u0105 gr\u0119 w j\u0119zyku programowym Python. Kurs sk\u0142ada si\u0119 z 8 kr\u00f3tki lekcji. Zaczynajmy!\",\"breadcrumb\":{\"@id\":\"https:\/\/go4robot.pl\/sklep\/rzuty-karne-python-od-podstaw-2\/#breadcrumb\"},\"inLanguage\":\"pl-PL\",\"potentialAction\":[{\"@type\":\"ReadAction\",\"target\":[\"https:\/\/go4robot.pl\/sklep\/rzuty-karne-python-od-podstaw-2\/\"]}]},{\"@type\":\"BreadcrumbList\",\"@id\":\"https:\/\/go4robot.pl\/sklep\/rzuty-karne-python-od-podstaw-2\/#breadcrumb\",\"itemListElement\":[{\"@type\":\"ListItem\",\"position\":1,\"name\":\"Go4Robot\",\"item\":\"https:\/\/go4robot.pl\/sklep\/\"},{\"@type\":\"ListItem\",\"position\":2,\"name\":\"Produkty\",\"item\":\"https:\/\/go4robot.pl\/sklep\/\"},{\"@type\":\"ListItem\",\"position\":3,\"name\":\"Rzuty karne - Python od podstaw!\"}]},{\"@type\":\"WebSite\",\"@id\":\"https:\/\/go4robot.pl\/sklep\/#website\",\"url\":\"https:\/\/go4robot.pl\/sklep\/\",\"name\":\"Sklep GO4Robot\",\"description\":\"Robotyka dla dzieci\",\"publisher\":{\"@id\":\"https:\/\/go4robot.pl\/sklep\/#organization\"},\"potentialAction\":[{\"@type\":\"SearchAction\",\"target\":{\"@type\":\"EntryPoint\",\"urlTemplate\":\"https:\/\/go4robot.pl\/sklep\/?s={search_term_string}\"},\"query-input\":\"required name=search_term_string\"}],\"inLanguage\":\"pl-PL\"},{\"@type\":\"Organization\",\"@id\":\"https:\/\/go4robot.pl\/sklep\/#organization\",\"name\":\"Go4Robot\",\"url\":\"https:\/\/go4robot.pl\/sklep\/\",\"logo\":{\"@type\":\"ImageObject\",\"inLanguage\":\"pl-PL\",\"@id\":\"https:\/\/go4robot.pl\/sklep\/#\/schema\/logo\/image\/\",\"url\":\"https:\/\/go4robot.pl\/sklep\/wp-content\/uploads\/2021\/02\/go4robot-logo.svg\",\"contentUrl\":\"https:\/\/go4robot.pl\/sklep\/wp-content\/uploads\/2021\/02\/go4robot-logo.svg\",\"width\":400,\"height\":400,\"caption\":\"Go4Robot\"},\"image\":{\"@id\":\"https:\/\/go4robot.pl\/sklep\/#\/schema\/logo\/image\/\"}}]}<\/script>\n<!-- \/ Yoast SEO plugin. -->","yoast_head_json":{"title":"Rzuty karne - Python od podstaw! - Sklep GO4Robot","description":"Stw\u00f3rz z nami swoj\u0105 w\u0142asn\u0105 pierwsz\u0105 gr\u0119 w j\u0119zyku programowym Python. Kurs sk\u0142ada si\u0119 z 8 kr\u00f3tki lekcji. Zaczynajmy!","robots":{"index":"index","follow":"follow","max-snippet":"max-snippet:-1","max-image-preview":"max-image-preview:large","max-video-preview":"max-video-preview:-1"},"canonical":"https:\/\/go4robot.pl\/sklep\/rzuty-karne-python-od-podstaw-2\/","og_locale":"pl_PL","og_type":"article","og_title":"Rzuty karne - Python od podstaw! - Sklep GO4Robot","og_description":"Stw\u00f3rz z nami swoj\u0105 w\u0142asn\u0105 pierwsz\u0105 gr\u0119 w j\u0119zyku programowym Python. Kurs sk\u0142ada si\u0119 z 8 kr\u00f3tki lekcji. Zaczynajmy!","og_url":"https:\/\/go4robot.pl\/sklep\/rzuty-karne-python-od-podstaw-2\/","og_site_name":"Sklep GO4Robot","article_modified_time":"2025-07-01T11:24:45+00:00","og_image":[{"width":1080,"height":1080,"url":"https:\/\/go4robot.pl\/sklep\/wp-content\/uploads\/2-1.png","type":"image\/png"}],"twitter_card":"summary_large_image","twitter_misc":{"Szacowany czas czytania":"1 minuta"},"schema":{"@context":"https:\/\/schema.org","@graph":[{"@type":"WebPage","@id":"https:\/\/go4robot.pl\/sklep\/rzuty-karne-python-od-podstaw-2\/","url":"https:\/\/go4robot.pl\/sklep\/rzuty-karne-python-od-podstaw-2\/","name":"Rzuty karne - Python od podstaw! - Sklep GO4Robot","isPartOf":{"@id":"https:\/\/go4robot.pl\/sklep\/#website"},"datePublished":"2022-03-10T15:18:13+00:00","dateModified":"2025-07-01T11:24:45+00:00","description":"Stw\u00f3rz z nami swoj\u0105 w\u0142asn\u0105 pierwsz\u0105 gr\u0119 w j\u0119zyku programowym Python. Kurs sk\u0142ada si\u0119 z 8 kr\u00f3tki lekcji. Zaczynajmy!","breadcrumb":{"@id":"https:\/\/go4robot.pl\/sklep\/rzuty-karne-python-od-podstaw-2\/#breadcrumb"},"inLanguage":"pl-PL","potentialAction":[{"@type":"ReadAction","target":["https:\/\/go4robot.pl\/sklep\/rzuty-karne-python-od-podstaw-2\/"]}]},{"@type":"BreadcrumbList","@id":"https:\/\/go4robot.pl\/sklep\/rzuty-karne-python-od-podstaw-2\/#breadcrumb","itemListElement":[{"@type":"ListItem","position":1,"name":"Go4Robot","item":"https:\/\/go4robot.pl\/sklep\/"},{"@type":"ListItem","position":2,"name":"Produkty","item":"https:\/\/go4robot.pl\/sklep\/"},{"@type":"ListItem","position":3,"name":"Rzuty karne - Python od podstaw!"}]},{"@type":"WebSite","@id":"https:\/\/go4robot.pl\/sklep\/#website","url":"https:\/\/go4robot.pl\/sklep\/","name":"Sklep GO4Robot","description":"Robotyka dla dzieci","publisher":{"@id":"https:\/\/go4robot.pl\/sklep\/#organization"},"potentialAction":[{"@type":"SearchAction","target":{"@type":"EntryPoint","urlTemplate":"https:\/\/go4robot.pl\/sklep\/?s={search_term_string}"},"query-input":"required name=search_term_string"}],"inLanguage":"pl-PL"},{"@type":"Organization","@id":"https:\/\/go4robot.pl\/sklep\/#organization","name":"Go4Robot","url":"https:\/\/go4robot.pl\/sklep\/","logo":{"@type":"ImageObject","inLanguage":"pl-PL","@id":"https:\/\/go4robot.pl\/sklep\/#\/schema\/logo\/image\/","url":"https:\/\/go4robot.pl\/sklep\/wp-content\/uploads\/2021\/02\/go4robot-logo.svg","contentUrl":"https:\/\/go4robot.pl\/sklep\/wp-content\/uploads\/2021\/02\/go4robot-logo.svg","width":400,"height":400,"caption":"Go4Robot"},"image":{"@id":"https:\/\/go4robot.pl\/sklep\/#\/schema\/logo\/image\/"}}]}},"_links":{"self":[{"href":"https:\/\/go4robot.pl\/sklep\/wp-json\/wp\/v2\/product\/5798"}],"collection":[{"href":"https:\/\/go4robot.pl\/sklep\/wp-json\/wp\/v2\/product"}],"about":[{"href":"https:\/\/go4robot.pl\/sklep\/wp-json\/wp\/v2\/types\/product"}],"replies":[{"embeddable":true,"href":"https:\/\/go4robot.pl\/sklep\/wp-json\/wp\/v2\/comments?post=5798"}],"wp:featuredmedia":[{"embeddable":true,"href":"https:\/\/go4robot.pl\/sklep\/wp-json\/wp\/v2\/media\/5799"}],"wp:attachment":[{"href":"https:\/\/go4robot.pl\/sklep\/wp-json\/wp\/v2\/media?parent=5798"}],"wp:term":[{"taxonomy":"product_cat","embeddable":true,"href":"https:\/\/go4robot.pl\/sklep\/wp-json\/wp\/v2\/product_cat?post=5798"},{"taxonomy":"product_tag","embeddable":true,"href":"https:\/\/go4robot.pl\/sklep\/wp-json\/wp\/v2\/product_tag?post=5798"}],"curies":[{"name":"wp","href":"https:\/\/api.w.org\/{rel}","templated":true}]}}