{"id":5794,"date":"2022-03-11T16:20:46","date_gmt":"2022-03-11T15:20:46","guid":{"rendered":"https:\/\/go4robot.pl\/sklep\/?post_type=product&#038;p=5794"},"modified":"2025-07-01T12:25:56","modified_gmt":"2025-07-01T11:25:56","slug":"gratka-dla-fanow-pokemonow-stworz-wlasna-gre-zlap-digletta-na-smartfona","status":"publish","type":"product","link":"https:\/\/go4robot.pl\/sklep\/gratka-dla-fanow-pokemonow-stworz-wlasna-gre-zlap-digletta-na-smartfona\/","title":{"rendered":"Gratka dla fan\u00f3w Pokemon\u00f3w - Stw\u00f3rz w\u0142asn\u0105 gr\u0119 Z\u0142ap Diglett'a na smartfona!"},"content":{"rendered":"<p>aa<\/p>\n","protected":false},"excerpt":{"rendered":"<p><strong>Na kursie Z\u0142ap Diglett\u2019a przez 11-\u015bcie lekcji b\u0119dziemy tworzy\u0107 gr\u0119 opart\u0105 na legendarnych Pokemonach!<\/strong> B\u0119dzie polega\u0142a na z\u0142apaniu przeskakuj\u0105cego po ekranie Diglett\u2019a. Ale najpierw trzeba go b\u0119dzie odpowiednio <strong>zaprogramowa\u0107 przy u\u017cyciu timera.<\/strong> Dowiemy si\u0119 przy okazji czym s\u0105<strong> interwa\u0142y czasowe<\/strong> i u\u017cyjemy ich do stworzenia kilka poziom\u00f3w trudno\u015bci gry. Poziomy b\u0119dziemy wybiera\u0107 z listy rozwijalnej. <strong>Pokombinujemy r\u00f3wnie\u017c z instrukcjami warunkowymi i licznikiem. <\/strong>Jeste\u015bcie gotowi na przygod\u0119?<\/p>\n","protected":false},"featured_media":5796,"comment_status":"open","ping_status":"closed","template":"","meta":{"inline_featured_image":false},"product_cat":[24,299],"product_tag":[],"acf":[],"yoast_head":"<!-- This site is optimized with the Yoast SEO plugin v19.10 - https:\/\/yoast.com\/wordpress\/plugins\/seo\/ -->\n<title>Stw\u00f3rz w\u0142asn\u0105 gr\u0119 - Z\u0142ap Diglett&#039;a - na smartfona!<\/title>\n<meta name=\"description\" content=\"Idealne po\u0142\u0105czenie dla fan\u00f3w programowania i kultowej bajki Pokemon. Kurs t\u0142umaczy krok po kroku jak stworzy\u0107 w\u0142asn\u0105 gr\u0119.\" \/>\n<meta name=\"robots\" content=\"index, follow, max-snippet:-1, max-image-preview:large, max-video-preview:-1\" \/>\n<link rel=\"canonical\" href=\"https:\/\/go4robot.pl\/sklep\/gratka-dla-fanow-pokemonow-stworz-wlasna-gre-zlap-digletta-na-smartfona\/\" \/>\n<meta property=\"og:locale\" content=\"pl_PL\" \/>\n<meta property=\"og:type\" content=\"article\" \/>\n<meta property=\"og:title\" content=\"Stw\u00f3rz w\u0142asn\u0105 gr\u0119 - Z\u0142ap Diglett&#039;a - na smartfona!\" \/>\n<meta property=\"og:description\" content=\"Idealne po\u0142\u0105czenie dla fan\u00f3w programowania i kultowej bajki Pokemon. Kurs t\u0142umaczy krok po kroku jak stworzy\u0107 w\u0142asn\u0105 gr\u0119.\" \/>\n<meta property=\"og:url\" content=\"https:\/\/go4robot.pl\/sklep\/gratka-dla-fanow-pokemonow-stworz-wlasna-gre-zlap-digletta-na-smartfona\/\" \/>\n<meta property=\"og:site_name\" content=\"Sklep GO4Robot\" \/>\n<meta property=\"article:modified_time\" content=\"2025-07-01T11:25:56+00:00\" \/>\n<meta property=\"og:image\" content=\"https:\/\/go4robot.pl\/sklep\/wp-content\/uploads\/4-1.png\" \/>\n\t<meta property=\"og:image:width\" content=\"1080\" \/>\n\t<meta property=\"og:image:height\" content=\"1080\" \/>\n\t<meta property=\"og:image:type\" content=\"image\/png\" \/>\n<meta name=\"twitter:card\" content=\"summary_large_image\" \/>\n<meta name=\"twitter:label1\" content=\"Szacowany czas czytania\" \/>\n\t<meta name=\"twitter:data1\" content=\"1 minuta\" \/>\n<script type=\"application\/ld+json\" class=\"yoast-schema-graph\">{\"@context\":\"https:\/\/schema.org\",\"@graph\":[{\"@type\":\"WebPage\",\"@id\":\"https:\/\/go4robot.pl\/sklep\/gratka-dla-fanow-pokemonow-stworz-wlasna-gre-zlap-digletta-na-smartfona\/\",\"url\":\"https:\/\/go4robot.pl\/sklep\/gratka-dla-fanow-pokemonow-stworz-wlasna-gre-zlap-digletta-na-smartfona\/\",\"name\":\"Stw\u00f3rz w\u0142asn\u0105 gr\u0119 - Z\u0142ap Diglett'a - na smartfona!\",\"isPartOf\":{\"@id\":\"https:\/\/go4robot.pl\/sklep\/#website\"},\"datePublished\":\"2022-03-11T15:20:46+00:00\",\"dateModified\":\"2025-07-01T11:25:56+00:00\",\"description\":\"Idealne po\u0142\u0105czenie dla fan\u00f3w programowania i kultowej bajki Pokemon. Kurs t\u0142umaczy krok po kroku jak stworzy\u0107 w\u0142asn\u0105 gr\u0119.\",\"breadcrumb\":{\"@id\":\"https:\/\/go4robot.pl\/sklep\/gratka-dla-fanow-pokemonow-stworz-wlasna-gre-zlap-digletta-na-smartfona\/#breadcrumb\"},\"inLanguage\":\"pl-PL\",\"potentialAction\":[{\"@type\":\"ReadAction\",\"target\":[\"https:\/\/go4robot.pl\/sklep\/gratka-dla-fanow-pokemonow-stworz-wlasna-gre-zlap-digletta-na-smartfona\/\"]}]},{\"@type\":\"BreadcrumbList\",\"@id\":\"https:\/\/go4robot.pl\/sklep\/gratka-dla-fanow-pokemonow-stworz-wlasna-gre-zlap-digletta-na-smartfona\/#breadcrumb\",\"itemListElement\":[{\"@type\":\"ListItem\",\"position\":1,\"name\":\"Go4Robot\",\"item\":\"https:\/\/go4robot.pl\/sklep\/\"},{\"@type\":\"ListItem\",\"position\":2,\"name\":\"Produkty\",\"item\":\"https:\/\/go4robot.pl\/sklep\/\"},{\"@type\":\"ListItem\",\"position\":3,\"name\":\"Gratka dla fan\u00f3w Pokemon\u00f3w - Stw\u00f3rz w\u0142asn\u0105 gr\u0119 Z\u0142ap Diglett'a na smartfona!\"}]},{\"@type\":\"WebSite\",\"@id\":\"https:\/\/go4robot.pl\/sklep\/#website\",\"url\":\"https:\/\/go4robot.pl\/sklep\/\",\"name\":\"Sklep GO4Robot\",\"description\":\"Robotyka dla dzieci\",\"publisher\":{\"@id\":\"https:\/\/go4robot.pl\/sklep\/#organization\"},\"potentialAction\":[{\"@type\":\"SearchAction\",\"target\":{\"@type\":\"EntryPoint\",\"urlTemplate\":\"https:\/\/go4robot.pl\/sklep\/?s={search_term_string}\"},\"query-input\":\"required name=search_term_string\"}],\"inLanguage\":\"pl-PL\"},{\"@type\":\"Organization\",\"@id\":\"https:\/\/go4robot.pl\/sklep\/#organization\",\"name\":\"Go4Robot\",\"url\":\"https:\/\/go4robot.pl\/sklep\/\",\"logo\":{\"@type\":\"ImageObject\",\"inLanguage\":\"pl-PL\",\"@id\":\"https:\/\/go4robot.pl\/sklep\/#\/schema\/logo\/image\/\",\"url\":\"https:\/\/go4robot.pl\/sklep\/wp-content\/uploads\/2021\/02\/go4robot-logo.svg\",\"contentUrl\":\"https:\/\/go4robot.pl\/sklep\/wp-content\/uploads\/2021\/02\/go4robot-logo.svg\",\"width\":400,\"height\":400,\"caption\":\"Go4Robot\"},\"image\":{\"@id\":\"https:\/\/go4robot.pl\/sklep\/#\/schema\/logo\/image\/\"}}]}<\/script>\n<!-- \/ Yoast SEO plugin. -->","yoast_head_json":{"title":"Stw\u00f3rz w\u0142asn\u0105 gr\u0119 - Z\u0142ap Diglett'a - na smartfona!","description":"Idealne po\u0142\u0105czenie dla fan\u00f3w programowania i kultowej bajki Pokemon. Kurs t\u0142umaczy krok po kroku jak stworzy\u0107 w\u0142asn\u0105 gr\u0119.","robots":{"index":"index","follow":"follow","max-snippet":"max-snippet:-1","max-image-preview":"max-image-preview:large","max-video-preview":"max-video-preview:-1"},"canonical":"https:\/\/go4robot.pl\/sklep\/gratka-dla-fanow-pokemonow-stworz-wlasna-gre-zlap-digletta-na-smartfona\/","og_locale":"pl_PL","og_type":"article","og_title":"Stw\u00f3rz w\u0142asn\u0105 gr\u0119 - Z\u0142ap Diglett'a - na smartfona!","og_description":"Idealne po\u0142\u0105czenie dla fan\u00f3w programowania i kultowej bajki Pokemon. Kurs t\u0142umaczy krok po kroku jak stworzy\u0107 w\u0142asn\u0105 gr\u0119.","og_url":"https:\/\/go4robot.pl\/sklep\/gratka-dla-fanow-pokemonow-stworz-wlasna-gre-zlap-digletta-na-smartfona\/","og_site_name":"Sklep GO4Robot","article_modified_time":"2025-07-01T11:25:56+00:00","og_image":[{"width":1080,"height":1080,"url":"https:\/\/go4robot.pl\/sklep\/wp-content\/uploads\/4-1.png","type":"image\/png"}],"twitter_card":"summary_large_image","twitter_misc":{"Szacowany czas czytania":"1 minuta"},"schema":{"@context":"https:\/\/schema.org","@graph":[{"@type":"WebPage","@id":"https:\/\/go4robot.pl\/sklep\/gratka-dla-fanow-pokemonow-stworz-wlasna-gre-zlap-digletta-na-smartfona\/","url":"https:\/\/go4robot.pl\/sklep\/gratka-dla-fanow-pokemonow-stworz-wlasna-gre-zlap-digletta-na-smartfona\/","name":"Stw\u00f3rz w\u0142asn\u0105 gr\u0119 - Z\u0142ap Diglett'a - na smartfona!","isPartOf":{"@id":"https:\/\/go4robot.pl\/sklep\/#website"},"datePublished":"2022-03-11T15:20:46+00:00","dateModified":"2025-07-01T11:25:56+00:00","description":"Idealne po\u0142\u0105czenie dla fan\u00f3w programowania i kultowej bajki Pokemon. Kurs t\u0142umaczy krok po kroku jak stworzy\u0107 w\u0142asn\u0105 gr\u0119.","breadcrumb":{"@id":"https:\/\/go4robot.pl\/sklep\/gratka-dla-fanow-pokemonow-stworz-wlasna-gre-zlap-digletta-na-smartfona\/#breadcrumb"},"inLanguage":"pl-PL","potentialAction":[{"@type":"ReadAction","target":["https:\/\/go4robot.pl\/sklep\/gratka-dla-fanow-pokemonow-stworz-wlasna-gre-zlap-digletta-na-smartfona\/"]}]},{"@type":"BreadcrumbList","@id":"https:\/\/go4robot.pl\/sklep\/gratka-dla-fanow-pokemonow-stworz-wlasna-gre-zlap-digletta-na-smartfona\/#breadcrumb","itemListElement":[{"@type":"ListItem","position":1,"name":"Go4Robot","item":"https:\/\/go4robot.pl\/sklep\/"},{"@type":"ListItem","position":2,"name":"Produkty","item":"https:\/\/go4robot.pl\/sklep\/"},{"@type":"ListItem","position":3,"name":"Gratka dla fan\u00f3w Pokemon\u00f3w - Stw\u00f3rz w\u0142asn\u0105 gr\u0119 Z\u0142ap Diglett'a na smartfona!"}]},{"@type":"WebSite","@id":"https:\/\/go4robot.pl\/sklep\/#website","url":"https:\/\/go4robot.pl\/sklep\/","name":"Sklep GO4Robot","description":"Robotyka dla dzieci","publisher":{"@id":"https:\/\/go4robot.pl\/sklep\/#organization"},"potentialAction":[{"@type":"SearchAction","target":{"@type":"EntryPoint","urlTemplate":"https:\/\/go4robot.pl\/sklep\/?s={search_term_string}"},"query-input":"required name=search_term_string"}],"inLanguage":"pl-PL"},{"@type":"Organization","@id":"https:\/\/go4robot.pl\/sklep\/#organization","name":"Go4Robot","url":"https:\/\/go4robot.pl\/sklep\/","logo":{"@type":"ImageObject","inLanguage":"pl-PL","@id":"https:\/\/go4robot.pl\/sklep\/#\/schema\/logo\/image\/","url":"https:\/\/go4robot.pl\/sklep\/wp-content\/uploads\/2021\/02\/go4robot-logo.svg","contentUrl":"https:\/\/go4robot.pl\/sklep\/wp-content\/uploads\/2021\/02\/go4robot-logo.svg","width":400,"height":400,"caption":"Go4Robot"},"image":{"@id":"https:\/\/go4robot.pl\/sklep\/#\/schema\/logo\/image\/"}}]}},"_links":{"self":[{"href":"https:\/\/go4robot.pl\/sklep\/wp-json\/wp\/v2\/product\/5794"}],"collection":[{"href":"https:\/\/go4robot.pl\/sklep\/wp-json\/wp\/v2\/product"}],"about":[{"href":"https:\/\/go4robot.pl\/sklep\/wp-json\/wp\/v2\/types\/product"}],"replies":[{"embeddable":true,"href":"https:\/\/go4robot.pl\/sklep\/wp-json\/wp\/v2\/comments?post=5794"}],"wp:featuredmedia":[{"embeddable":true,"href":"https:\/\/go4robot.pl\/sklep\/wp-json\/wp\/v2\/media\/5796"}],"wp:attachment":[{"href":"https:\/\/go4robot.pl\/sklep\/wp-json\/wp\/v2\/media?parent=5794"}],"wp:term":[{"taxonomy":"product_cat","embeddable":true,"href":"https:\/\/go4robot.pl\/sklep\/wp-json\/wp\/v2\/product_cat?post=5794"},{"taxonomy":"product_tag","embeddable":true,"href":"https:\/\/go4robot.pl\/sklep\/wp-json\/wp\/v2\/product_tag?post=5794"}],"curies":[{"name":"wp","href":"https:\/\/api.w.org\/{rel}","templated":true}]}}