{"id":4347,"date":"2020-11-30T13:54:49","date_gmt":"2020-11-30T12:54:49","guid":{"rendered":"https:\/\/go4robot.pl\/sklep\/?post_type=product&#038;p=4347"},"modified":"2025-07-01T12:23:12","modified_gmt":"2025-07-01T11:23:12","slug":"sztuczna-inteligencja-dla-najmlodszych-stworz-swoj-wirtualny-instrument","status":"publish","type":"product","link":"https:\/\/go4robot.pl\/sklep\/sztuczna-inteligencja-dla-najmlodszych-stworz-swoj-wirtualny-instrument\/","title":{"rendered":"Sztuczna inteligencja dla najm\u0142odszych - stw\u00f3rz sw\u00f3j wirtualny instrument!"},"content":{"rendered":"<ul>\n<li>\n<p dir=\"ltr\" style=\"text-align: center;\">.<\/p>\n<h3 style=\"text-align: center;\"><\/h3>\n<p>&nbsp;<\/p>\n<p style=\"text-align: center;\">\n<\/li>\n<\/ul>\n<p>&nbsp;<\/p>\n<p><a href=\"https:\/\/go4robot.pl\/sklep\/wp-content\/uploads\/2020\/11\/shutterstock_725383498.png\"><img decoding=\"async\" loading=\"lazy\" class=\"alignleft wp-image-4243 size-medium\" src=\"https:\/\/go4robot.pl\/sklep\/wp-content\/uploads\/2020\/11\/shutterstock_725383498-300x207.png\" alt=\"\" width=\"300\" height=\"207\" \/><\/a><\/p>\n<p>&nbsp;<\/p>\n<p>&nbsp;<\/p>\n<p>&nbsp;<\/p>\n<p dir=\"ltr\" style=\"text-align: center;\"><span style=\"color: #ff9900;\"><strong>Krok po kroku nauczymy si\u0119 my\u015ble\u0107 jak programista, by na ko\u0144cu to program sam si\u0119 czego\u015b nauczy\u0142!<\/strong><\/span><\/p>\n<p>&nbsp;<\/p>\n<p>&nbsp;<\/p>\n<p>&nbsp;<\/p>\n<p>&nbsp;<\/p>\n<p>&nbsp;<\/p>\n<p>&nbsp;<\/p>\n<p><a href=\"https:\/\/go4robot.pl\/sklep\/wp-content\/uploads\/2020\/11\/czujnik.jpg\"><img decoding=\"async\" loading=\"lazy\" class=\"alignleft wp-image-4353 size-full\" src=\"https:\/\/go4robot.pl\/sklep\/wp-content\/uploads\/2020\/11\/czujnik.jpg\" alt=\"\" width=\"1093\" height=\"751\" \/><\/a><\/p>\n<p>&nbsp;<\/p>\n<p dir=\"ltr\" style=\"text-align: center;\">\n","protected":false},"excerpt":{"rendered":"<p>Na samym pocz\u0105tku czeka Was <strong>kr\u00f3tka historia wprowadzaj\u0105ca do zaj\u0119\u0107, <\/strong>dzi\u0119ki czemu w \u0142atwy spos\u00f3b wejdziecie w \u015bwiat programowania. Nast\u0119pnie otrzymacie kilka zada\u0144 do wykonania, tak na dobr\u0105 rozgrzewk\u0119. Sam kurs sk\u0142ada si\u0119 z<strong> sze\u015bciu lekcji<\/strong>, podczas kt\u00f3rych b\u0119dzie merytoryka poparta praktycznymi \u0107wiczenia, aby w jak najwi\u0119kszym stopniu zrozumie\u0107 \u015bwiat sztucznej inteligencji. Filmy b\u0119dzie mo\u017cna odtworzy\u0107 w wybranym przez Was momencie oraz <strong>dopasowywa\u0107 je do swojego tempa pracy.<\/strong> Krok po kroku, z ka\u017cdym filmem b\u0119dziemy odkrywa\u0107 \u015bwiat programowania i tworzy\u0107 wirtualny instrument sterowany naszymi gestami!<\/p>\n","protected":false},"featured_media":5858,"comment_status":"open","ping_status":"closed","template":"","meta":{"inline_featured_image":false},"product_cat":[24],"product_tag":[269,38,270,271,34,98,272],"acf":[],"yoast_head":"<!-- This site is optimized with the Yoast SEO plugin v19.10 - https:\/\/yoast.com\/wordpress\/plugins\/seo\/ -->\n<title>Sztuczna inteligencja dla najm\u0142odszych | GO4Robot<\/title>\n<meta name=\"description\" content=\"Kurs offline AI dla najm\u0142odszych \u2b50 Profesjonalne lekcje, kt\u00f3re odtworzy\u0107 mo\u017cesz zawsze i wsz\u0119dzie \u2705 Sprawd\u017a nasz\u0105 ofert\u0119 na stronie!\" \/>\n<meta name=\"robots\" content=\"index, follow, max-snippet:-1, max-image-preview:large, max-video-preview:-1\" \/>\n<link rel=\"canonical\" href=\"https:\/\/go4robot.pl\/sklep\/sztuczna-inteligencja-dla-najmlodszych-stworz-swoj-wirtualny-instrument\/\" \/>\n<meta property=\"og:locale\" content=\"pl_PL\" \/>\n<meta property=\"og:type\" content=\"article\" \/>\n<meta property=\"og:title\" content=\"Sztuczna inteligencja dla najm\u0142odszych | GO4Robot\" \/>\n<meta property=\"og:description\" content=\"Kurs offline AI dla najm\u0142odszych \u2b50 Profesjonalne lekcje, kt\u00f3re odtworzy\u0107 mo\u017cesz zawsze i wsz\u0119dzie \u2705 Sprawd\u017a nasz\u0105 ofert\u0119 na stronie!\" \/>\n<meta property=\"og:url\" content=\"https:\/\/go4robot.pl\/sklep\/sztuczna-inteligencja-dla-najmlodszych-stworz-swoj-wirtualny-instrument\/\" \/>\n<meta property=\"og:site_name\" content=\"Sklep GO4Robot\" \/>\n<meta property=\"article:modified_time\" content=\"2025-07-01T11:23:12+00:00\" \/>\n<meta property=\"og:image\" content=\"https:\/\/go4robot.pl\/sklep\/wp-content\/uploads\/8-1.png\" \/>\n\t<meta property=\"og:image:width\" content=\"1080\" \/>\n\t<meta property=\"og:image:height\" content=\"1080\" \/>\n\t<meta property=\"og:image:type\" content=\"image\/png\" \/>\n<meta name=\"twitter:card\" content=\"summary_large_image\" \/>\n<meta name=\"twitter:label1\" content=\"Szacowany czas czytania\" \/>\n\t<meta name=\"twitter:data1\" content=\"1 minuta\" \/>\n<script type=\"application\/ld+json\" class=\"yoast-schema-graph\">{\"@context\":\"https:\/\/schema.org\",\"@graph\":[{\"@type\":\"WebPage\",\"@id\":\"https:\/\/go4robot.pl\/sklep\/sztuczna-inteligencja-dla-najmlodszych-stworz-swoj-wirtualny-instrument\/\",\"url\":\"https:\/\/go4robot.pl\/sklep\/sztuczna-inteligencja-dla-najmlodszych-stworz-swoj-wirtualny-instrument\/\",\"name\":\"Sztuczna inteligencja dla najm\u0142odszych | GO4Robot\",\"isPartOf\":{\"@id\":\"https:\/\/go4robot.pl\/sklep\/#website\"},\"datePublished\":\"2020-11-30T12:54:49+00:00\",\"dateModified\":\"2025-07-01T11:23:12+00:00\",\"description\":\"Kurs offline AI dla najm\u0142odszych \u2b50 Profesjonalne lekcje, kt\u00f3re odtworzy\u0107 mo\u017cesz zawsze i wsz\u0119dzie \u2705 Sprawd\u017a nasz\u0105 ofert\u0119 na stronie!\",\"breadcrumb\":{\"@id\":\"https:\/\/go4robot.pl\/sklep\/sztuczna-inteligencja-dla-najmlodszych-stworz-swoj-wirtualny-instrument\/#breadcrumb\"},\"inLanguage\":\"pl-PL\",\"potentialAction\":[{\"@type\":\"ReadAction\",\"target\":[\"https:\/\/go4robot.pl\/sklep\/sztuczna-inteligencja-dla-najmlodszych-stworz-swoj-wirtualny-instrument\/\"]}]},{\"@type\":\"BreadcrumbList\",\"@id\":\"https:\/\/go4robot.pl\/sklep\/sztuczna-inteligencja-dla-najmlodszych-stworz-swoj-wirtualny-instrument\/#breadcrumb\",\"itemListElement\":[{\"@type\":\"ListItem\",\"position\":1,\"name\":\"Go4Robot\",\"item\":\"https:\/\/go4robot.pl\/sklep\/\"},{\"@type\":\"ListItem\",\"position\":2,\"name\":\"Produkty\",\"item\":\"https:\/\/go4robot.pl\/sklep\/\"},{\"@type\":\"ListItem\",\"position\":3,\"name\":\"Sztuczna inteligencja dla najm\u0142odszych - stw\u00f3rz sw\u00f3j wirtualny instrument!\"}]},{\"@type\":\"WebSite\",\"@id\":\"https:\/\/go4robot.pl\/sklep\/#website\",\"url\":\"https:\/\/go4robot.pl\/sklep\/\",\"name\":\"Sklep GO4Robot\",\"description\":\"Robotyka dla dzieci\",\"publisher\":{\"@id\":\"https:\/\/go4robot.pl\/sklep\/#organization\"},\"potentialAction\":[{\"@type\":\"SearchAction\",\"target\":{\"@type\":\"EntryPoint\",\"urlTemplate\":\"https:\/\/go4robot.pl\/sklep\/?s={search_term_string}\"},\"query-input\":\"required name=search_term_string\"}],\"inLanguage\":\"pl-PL\"},{\"@type\":\"Organization\",\"@id\":\"https:\/\/go4robot.pl\/sklep\/#organization\",\"name\":\"Go4Robot\",\"url\":\"https:\/\/go4robot.pl\/sklep\/\",\"logo\":{\"@type\":\"ImageObject\",\"inLanguage\":\"pl-PL\",\"@id\":\"https:\/\/go4robot.pl\/sklep\/#\/schema\/logo\/image\/\",\"url\":\"https:\/\/go4robot.pl\/sklep\/wp-content\/uploads\/2021\/02\/go4robot-logo.svg\",\"contentUrl\":\"https:\/\/go4robot.pl\/sklep\/wp-content\/uploads\/2021\/02\/go4robot-logo.svg\",\"width\":400,\"height\":400,\"caption\":\"Go4Robot\"},\"image\":{\"@id\":\"https:\/\/go4robot.pl\/sklep\/#\/schema\/logo\/image\/\"}}]}<\/script>\n<!-- \/ Yoast SEO plugin. -->","yoast_head_json":{"title":"Sztuczna inteligencja dla najm\u0142odszych | GO4Robot","description":"Kurs offline AI dla najm\u0142odszych \u2b50 Profesjonalne lekcje, kt\u00f3re odtworzy\u0107 mo\u017cesz zawsze i wsz\u0119dzie \u2705 Sprawd\u017a nasz\u0105 ofert\u0119 na stronie!","robots":{"index":"index","follow":"follow","max-snippet":"max-snippet:-1","max-image-preview":"max-image-preview:large","max-video-preview":"max-video-preview:-1"},"canonical":"https:\/\/go4robot.pl\/sklep\/sztuczna-inteligencja-dla-najmlodszych-stworz-swoj-wirtualny-instrument\/","og_locale":"pl_PL","og_type":"article","og_title":"Sztuczna inteligencja dla najm\u0142odszych | GO4Robot","og_description":"Kurs offline AI dla najm\u0142odszych \u2b50 Profesjonalne lekcje, kt\u00f3re odtworzy\u0107 mo\u017cesz zawsze i wsz\u0119dzie \u2705 Sprawd\u017a nasz\u0105 ofert\u0119 na stronie!","og_url":"https:\/\/go4robot.pl\/sklep\/sztuczna-inteligencja-dla-najmlodszych-stworz-swoj-wirtualny-instrument\/","og_site_name":"Sklep GO4Robot","article_modified_time":"2025-07-01T11:23:12+00:00","og_image":[{"width":1080,"height":1080,"url":"https:\/\/go4robot.pl\/sklep\/wp-content\/uploads\/8-1.png","type":"image\/png"}],"twitter_card":"summary_large_image","twitter_misc":{"Szacowany czas czytania":"1 minuta"},"schema":{"@context":"https:\/\/schema.org","@graph":[{"@type":"WebPage","@id":"https:\/\/go4robot.pl\/sklep\/sztuczna-inteligencja-dla-najmlodszych-stworz-swoj-wirtualny-instrument\/","url":"https:\/\/go4robot.pl\/sklep\/sztuczna-inteligencja-dla-najmlodszych-stworz-swoj-wirtualny-instrument\/","name":"Sztuczna inteligencja dla najm\u0142odszych | GO4Robot","isPartOf":{"@id":"https:\/\/go4robot.pl\/sklep\/#website"},"datePublished":"2020-11-30T12:54:49+00:00","dateModified":"2025-07-01T11:23:12+00:00","description":"Kurs offline AI dla najm\u0142odszych \u2b50 Profesjonalne lekcje, kt\u00f3re odtworzy\u0107 mo\u017cesz zawsze i wsz\u0119dzie \u2705 Sprawd\u017a nasz\u0105 ofert\u0119 na stronie!","breadcrumb":{"@id":"https:\/\/go4robot.pl\/sklep\/sztuczna-inteligencja-dla-najmlodszych-stworz-swoj-wirtualny-instrument\/#breadcrumb"},"inLanguage":"pl-PL","potentialAction":[{"@type":"ReadAction","target":["https:\/\/go4robot.pl\/sklep\/sztuczna-inteligencja-dla-najmlodszych-stworz-swoj-wirtualny-instrument\/"]}]},{"@type":"BreadcrumbList","@id":"https:\/\/go4robot.pl\/sklep\/sztuczna-inteligencja-dla-najmlodszych-stworz-swoj-wirtualny-instrument\/#breadcrumb","itemListElement":[{"@type":"ListItem","position":1,"name":"Go4Robot","item":"https:\/\/go4robot.pl\/sklep\/"},{"@type":"ListItem","position":2,"name":"Produkty","item":"https:\/\/go4robot.pl\/sklep\/"},{"@type":"ListItem","position":3,"name":"Sztuczna inteligencja dla najm\u0142odszych - stw\u00f3rz sw\u00f3j wirtualny instrument!"}]},{"@type":"WebSite","@id":"https:\/\/go4robot.pl\/sklep\/#website","url":"https:\/\/go4robot.pl\/sklep\/","name":"Sklep GO4Robot","description":"Robotyka dla dzieci","publisher":{"@id":"https:\/\/go4robot.pl\/sklep\/#organization"},"potentialAction":[{"@type":"SearchAction","target":{"@type":"EntryPoint","urlTemplate":"https:\/\/go4robot.pl\/sklep\/?s={search_term_string}"},"query-input":"required name=search_term_string"}],"inLanguage":"pl-PL"},{"@type":"Organization","@id":"https:\/\/go4robot.pl\/sklep\/#organization","name":"Go4Robot","url":"https:\/\/go4robot.pl\/sklep\/","logo":{"@type":"ImageObject","inLanguage":"pl-PL","@id":"https:\/\/go4robot.pl\/sklep\/#\/schema\/logo\/image\/","url":"https:\/\/go4robot.pl\/sklep\/wp-content\/uploads\/2021\/02\/go4robot-logo.svg","contentUrl":"https:\/\/go4robot.pl\/sklep\/wp-content\/uploads\/2021\/02\/go4robot-logo.svg","width":400,"height":400,"caption":"Go4Robot"},"image":{"@id":"https:\/\/go4robot.pl\/sklep\/#\/schema\/logo\/image\/"}}]}},"_links":{"self":[{"href":"https:\/\/go4robot.pl\/sklep\/wp-json\/wp\/v2\/product\/4347"}],"collection":[{"href":"https:\/\/go4robot.pl\/sklep\/wp-json\/wp\/v2\/product"}],"about":[{"href":"https:\/\/go4robot.pl\/sklep\/wp-json\/wp\/v2\/types\/product"}],"replies":[{"embeddable":true,"href":"https:\/\/go4robot.pl\/sklep\/wp-json\/wp\/v2\/comments?post=4347"}],"wp:featuredmedia":[{"embeddable":true,"href":"https:\/\/go4robot.pl\/sklep\/wp-json\/wp\/v2\/media\/5858"}],"wp:attachment":[{"href":"https:\/\/go4robot.pl\/sklep\/wp-json\/wp\/v2\/media?parent=4347"}],"wp:term":[{"taxonomy":"product_cat","embeddable":true,"href":"https:\/\/go4robot.pl\/sklep\/wp-json\/wp\/v2\/product_cat?post=4347"},{"taxonomy":"product_tag","embeddable":true,"href":"https:\/\/go4robot.pl\/sklep\/wp-json\/wp\/v2\/product_tag?post=4347"}],"curies":[{"name":"wp","href":"https:\/\/api.w.org\/{rel}","templated":true}]}}