{"id":3960,"date":"2020-11-20T10:08:17","date_gmt":"2020-11-20T09:08:17","guid":{"rendered":"https:\/\/go4robot.pl\/sklep\/?post_type=product&#038;p=3960"},"modified":"2025-01-09T14:02:48","modified_gmt":"2025-01-09T13:02:48","slug":"lego-disney-minifigurki-seria-2","status":"publish","type":"product","link":"https:\/\/go4robot.pl\/sklep\/lego-disney-minifigurki-seria-2\/","title":{"rendered":"LEGO\u00ae Unikitty Minifigurki Seria kolekcjonerska Kici Ro\u017cek\u2122 1 (41775)"},"content":{"rendered":"<h2>LEGO\u00ae Unikitty Minifigurki seria kolekcjonerska<\/h2>\n<p>Odwied\u017a niezwyk\u0142y, b\u0142yszcz\u0105cy \u015bwiat LEGO Kici Ro\u017cek i zbierz wszystkie unikalne figurki do zbudowania z limitowanego zestawu. Seria kolekcjonerska Kici Ro\u017cek 1. Takich Kici Ro\u017cek i Ksi\u0119cia Piesia Ro\u017cka jeszcze nie znasz! Ka\u017cda figurka jest dostarczana z ulotk\u0105 kolekcjonersk\u0105 i podstawk\u0105 w kszta\u0142cie chmurki. Zbierz 12 figurek i wymieniaj je ze znajomymi. Jak s\u0105dzisz, kto b\u0119dzie na Ciebie czeka\u0107 w kolejnym tajemniczej saszetce?<\/p>\n<section style=\"font-size: 16px\">Masz pytanie?<\/section>\n<section style=\"font-size: 16px\">\n<section style=\"font-size: 16px\">Skontaktuj si\u0119 z nami\u00a0tel.\u00a0<a style=\"font-size: 22px\" href=\"tel:668 115 750\">668 115 750<\/a>\u00a0e-mail\u00a0<a style=\"font-size: 22px\" href=\"mailto:biuro@g4r.pl\">biuro@g4r.pl<\/a><\/section>\n<\/section>\n","protected":false},"excerpt":{"rendered":"<p>Odwied\u017a niezwyk\u0142y, b\u0142yszcz\u0105cy \u015bwiat LEGO Kici Ro\u017cek i zbierz wszystkie unikalne figurki do zbudowania z limitowanego zestawu. Seria kolekcjonerska Kici Ro\u017cek 1.<\/p>\n<p>&nbsp;<\/p>\n","protected":false},"featured_media":5956,"comment_status":"open","ping_status":"closed","template":"","meta":{"inline_featured_image":false},"product_cat":[293,334],"product_tag":[337,336,335,338,339],"acf":[],"yoast_head":"<!-- This site is optimized with the Yoast SEO plugin v19.10 - https:\/\/yoast.com\/wordpress\/plugins\/seo\/ -->\n<title>LEGO\u00ae Unikitty Minifigurki Seria kolekcjonerska Kici Ro\u017cek\u2122 1 (41775) - Sklep GO4Robot<\/title>\n<meta name=\"robots\" content=\"index, follow, max-snippet:-1, max-image-preview:large, max-video-preview:-1\" \/>\n<link rel=\"canonical\" href=\"https:\/\/go4robot.pl\/sklep\/lego-disney-minifigurki-seria-2\/\" \/>\n<meta property=\"og:locale\" content=\"pl_PL\" \/>\n<meta property=\"og:type\" content=\"article\" \/>\n<meta property=\"og:title\" content=\"LEGO\u00ae Unikitty Minifigurki Seria kolekcjonerska Kici Ro\u017cek\u2122 1 (41775) - Sklep GO4Robot\" \/>\n<meta property=\"og:description\" content=\"Odwied\u017a niezwyk\u0142y, b\u0142yszcz\u0105cy \u015bwiat LEGO Kici Ro\u017cek i zbierz wszystkie unikalne figurki do zbudowania z limitowanego zestawu. Seria kolekcjonerska Kici Ro\u017cek 1.  &nbsp;\" \/>\n<meta property=\"og:url\" content=\"https:\/\/go4robot.pl\/sklep\/lego-disney-minifigurki-seria-2\/\" \/>\n<meta property=\"og:site_name\" content=\"Sklep GO4Robot\" \/>\n<meta property=\"article:modified_time\" content=\"2025-01-09T13:02:48+00:00\" \/>\n<meta property=\"og:image\" content=\"https:\/\/go4robot.pl\/sklep\/wp-content\/uploads\/LEGO-Unikitty-Minifigurki-Seria-kolekcjonerska-Kici-Rozek-41775-5.jpg\" \/>\n\t<meta property=\"og:image:width\" content=\"600\" \/>\n\t<meta property=\"og:image:height\" content=\"600\" \/>\n\t<meta property=\"og:image:type\" content=\"image\/jpeg\" \/>\n<meta name=\"twitter:card\" content=\"summary_large_image\" \/>\n<script type=\"application\/ld+json\" class=\"yoast-schema-graph\">{\"@context\":\"https:\/\/schema.org\",\"@graph\":[{\"@type\":\"WebPage\",\"@id\":\"https:\/\/go4robot.pl\/sklep\/lego-disney-minifigurki-seria-2\/\",\"url\":\"https:\/\/go4robot.pl\/sklep\/lego-disney-minifigurki-seria-2\/\",\"name\":\"LEGO\u00ae Unikitty Minifigurki Seria kolekcjonerska Kici Ro\u017cek\u2122 1 (41775) - Sklep GO4Robot\",\"isPartOf\":{\"@id\":\"https:\/\/go4robot.pl\/sklep\/#website\"},\"datePublished\":\"2020-11-20T09:08:17+00:00\",\"dateModified\":\"2025-01-09T13:02:48+00:00\",\"breadcrumb\":{\"@id\":\"https:\/\/go4robot.pl\/sklep\/lego-disney-minifigurki-seria-2\/#breadcrumb\"},\"inLanguage\":\"pl-PL\",\"potentialAction\":[{\"@type\":\"ReadAction\",\"target\":[\"https:\/\/go4robot.pl\/sklep\/lego-disney-minifigurki-seria-2\/\"]}]},{\"@type\":\"BreadcrumbList\",\"@id\":\"https:\/\/go4robot.pl\/sklep\/lego-disney-minifigurki-seria-2\/#breadcrumb\",\"itemListElement\":[{\"@type\":\"ListItem\",\"position\":1,\"name\":\"Go4Robot\",\"item\":\"https:\/\/go4robot.pl\/sklep\/\"},{\"@type\":\"ListItem\",\"position\":2,\"name\":\"Produkty\",\"item\":\"https:\/\/go4robot.pl\/sklep\/\"},{\"@type\":\"ListItem\",\"position\":3,\"name\":\"LEGO\u00ae Unikitty Minifigurki Seria kolekcjonerska Kici Ro\u017cek\u2122 1 (41775)\"}]},{\"@type\":\"WebSite\",\"@id\":\"https:\/\/go4robot.pl\/sklep\/#website\",\"url\":\"https:\/\/go4robot.pl\/sklep\/\",\"name\":\"Sklep GO4Robot\",\"description\":\"Robotyka dla dzieci\",\"publisher\":{\"@id\":\"https:\/\/go4robot.pl\/sklep\/#organization\"},\"potentialAction\":[{\"@type\":\"SearchAction\",\"target\":{\"@type\":\"EntryPoint\",\"urlTemplate\":\"https:\/\/go4robot.pl\/sklep\/?s={search_term_string}\"},\"query-input\":\"required name=search_term_string\"}],\"inLanguage\":\"pl-PL\"},{\"@type\":\"Organization\",\"@id\":\"https:\/\/go4robot.pl\/sklep\/#organization\",\"name\":\"Go4Robot\",\"url\":\"https:\/\/go4robot.pl\/sklep\/\",\"logo\":{\"@type\":\"ImageObject\",\"inLanguage\":\"pl-PL\",\"@id\":\"https:\/\/go4robot.pl\/sklep\/#\/schema\/logo\/image\/\",\"url\":\"https:\/\/go4robot.pl\/sklep\/wp-content\/uploads\/2021\/02\/go4robot-logo.svg\",\"contentUrl\":\"https:\/\/go4robot.pl\/sklep\/wp-content\/uploads\/2021\/02\/go4robot-logo.svg\",\"width\":400,\"height\":400,\"caption\":\"Go4Robot\"},\"image\":{\"@id\":\"https:\/\/go4robot.pl\/sklep\/#\/schema\/logo\/image\/\"}}]}<\/script>\n<!-- \/ Yoast SEO plugin. -->","yoast_head_json":{"title":"LEGO\u00ae Unikitty Minifigurki Seria kolekcjonerska Kici Ro\u017cek\u2122 1 (41775) - Sklep GO4Robot","robots":{"index":"index","follow":"follow","max-snippet":"max-snippet:-1","max-image-preview":"max-image-preview:large","max-video-preview":"max-video-preview:-1"},"canonical":"https:\/\/go4robot.pl\/sklep\/lego-disney-minifigurki-seria-2\/","og_locale":"pl_PL","og_type":"article","og_title":"LEGO\u00ae Unikitty Minifigurki Seria kolekcjonerska Kici Ro\u017cek\u2122 1 (41775) - Sklep GO4Robot","og_description":"Odwied\u017a niezwyk\u0142y, b\u0142yszcz\u0105cy \u015bwiat LEGO Kici Ro\u017cek i zbierz wszystkie unikalne figurki do zbudowania z limitowanego zestawu. Seria kolekcjonerska Kici Ro\u017cek 1.  &nbsp;","og_url":"https:\/\/go4robot.pl\/sklep\/lego-disney-minifigurki-seria-2\/","og_site_name":"Sklep GO4Robot","article_modified_time":"2025-01-09T13:02:48+00:00","og_image":[{"width":600,"height":600,"url":"https:\/\/go4robot.pl\/sklep\/wp-content\/uploads\/LEGO-Unikitty-Minifigurki-Seria-kolekcjonerska-Kici-Rozek-41775-5.jpg","type":"image\/jpeg"}],"twitter_card":"summary_large_image","schema":{"@context":"https:\/\/schema.org","@graph":[{"@type":"WebPage","@id":"https:\/\/go4robot.pl\/sklep\/lego-disney-minifigurki-seria-2\/","url":"https:\/\/go4robot.pl\/sklep\/lego-disney-minifigurki-seria-2\/","name":"LEGO\u00ae Unikitty Minifigurki Seria kolekcjonerska Kici Ro\u017cek\u2122 1 (41775) - Sklep GO4Robot","isPartOf":{"@id":"https:\/\/go4robot.pl\/sklep\/#website"},"datePublished":"2020-11-20T09:08:17+00:00","dateModified":"2025-01-09T13:02:48+00:00","breadcrumb":{"@id":"https:\/\/go4robot.pl\/sklep\/lego-disney-minifigurki-seria-2\/#breadcrumb"},"inLanguage":"pl-PL","potentialAction":[{"@type":"ReadAction","target":["https:\/\/go4robot.pl\/sklep\/lego-disney-minifigurki-seria-2\/"]}]},{"@type":"BreadcrumbList","@id":"https:\/\/go4robot.pl\/sklep\/lego-disney-minifigurki-seria-2\/#breadcrumb","itemListElement":[{"@type":"ListItem","position":1,"name":"Go4Robot","item":"https:\/\/go4robot.pl\/sklep\/"},{"@type":"ListItem","position":2,"name":"Produkty","item":"https:\/\/go4robot.pl\/sklep\/"},{"@type":"ListItem","position":3,"name":"LEGO\u00ae Unikitty Minifigurki Seria kolekcjonerska Kici Ro\u017cek\u2122 1 (41775)"}]},{"@type":"WebSite","@id":"https:\/\/go4robot.pl\/sklep\/#website","url":"https:\/\/go4robot.pl\/sklep\/","name":"Sklep GO4Robot","description":"Robotyka dla dzieci","publisher":{"@id":"https:\/\/go4robot.pl\/sklep\/#organization"},"potentialAction":[{"@type":"SearchAction","target":{"@type":"EntryPoint","urlTemplate":"https:\/\/go4robot.pl\/sklep\/?s={search_term_string}"},"query-input":"required name=search_term_string"}],"inLanguage":"pl-PL"},{"@type":"Organization","@id":"https:\/\/go4robot.pl\/sklep\/#organization","name":"Go4Robot","url":"https:\/\/go4robot.pl\/sklep\/","logo":{"@type":"ImageObject","inLanguage":"pl-PL","@id":"https:\/\/go4robot.pl\/sklep\/#\/schema\/logo\/image\/","url":"https:\/\/go4robot.pl\/sklep\/wp-content\/uploads\/2021\/02\/go4robot-logo.svg","contentUrl":"https:\/\/go4robot.pl\/sklep\/wp-content\/uploads\/2021\/02\/go4robot-logo.svg","width":400,"height":400,"caption":"Go4Robot"},"image":{"@id":"https:\/\/go4robot.pl\/sklep\/#\/schema\/logo\/image\/"}}]}},"_links":{"self":[{"href":"https:\/\/go4robot.pl\/sklep\/wp-json\/wp\/v2\/product\/3960"}],"collection":[{"href":"https:\/\/go4robot.pl\/sklep\/wp-json\/wp\/v2\/product"}],"about":[{"href":"https:\/\/go4robot.pl\/sklep\/wp-json\/wp\/v2\/types\/product"}],"replies":[{"embeddable":true,"href":"https:\/\/go4robot.pl\/sklep\/wp-json\/wp\/v2\/comments?post=3960"}],"wp:featuredmedia":[{"embeddable":true,"href":"https:\/\/go4robot.pl\/sklep\/wp-json\/wp\/v2\/media\/5956"}],"wp:attachment":[{"href":"https:\/\/go4robot.pl\/sklep\/wp-json\/wp\/v2\/media?parent=3960"}],"wp:term":[{"taxonomy":"product_cat","embeddable":true,"href":"https:\/\/go4robot.pl\/sklep\/wp-json\/wp\/v2\/product_cat?post=3960"},{"taxonomy":"product_tag","embeddable":true,"href":"https:\/\/go4robot.pl\/sklep\/wp-json\/wp\/v2\/product_tag?post=3960"}],"curies":[{"name":"wp","href":"https:\/\/api.w.org\/{rel}","templated":true}]}}