{"id":3922,"date":"2020-11-20T09:15:40","date_gmt":"2020-11-20T08:15:40","guid":{"rendered":"https:\/\/go4robot.pl\/sklep\/?post_type=product&#038;p=3922"},"modified":"2025-06-09T07:58:21","modified_gmt":"2025-06-09T06:58:21","slug":"lego-ninjago-cole-smoczy-mistrz","status":"publish","type":"product","link":"https:\/\/go4robot.pl\/sklep\/lego-ninjago-cole-smoczy-mistrz\/","title":{"rendered":"LEGO\u00ae NINJAGO\u00ae Cole Smoczy Mistrz (70645)"},"content":{"rendered":"<h2>LEGO\u00ae\u00a0 Ninjago Cole Smoczy Mistrz<\/h2>\n<p>&nbsp;<\/p>\n<p>Naucz si\u0119 w\u0142ada\u0107 smokami w zestawie LEGO\u00ae NINJAGO\u00ae 70645 Cole \u2014 smoczy mistrz. Zabawka sk\u0142ada si\u0119 z r\u0105czki do zbudowania z klock\u00f3w LEGO, kapsu\u0142y na minifigurk\u0119, klockowego ostrza, smoczych skrzyde\u0142 i linki. Wykonuj solowe sztuczki albo wsp\u00f3lnie z przyjaci\u00f3\u0142mi urz\u0105dzaj niezliczone konkursy, korzystaj\u0105c z otaczaj\u0105cych Was na co dzie\u0144 przedmiot\u00f3w. Ten zestaw LEGO NINJAGO zawiera minifigurk\u0119 Cole'a.<\/p>\n<section style=\"font-size: 16px\">Do ka\u017cdego zestawu do\u0142\u0105czamy:<\/p>\n<p style=\"font-size: 16px\">Oryginaln\u0105 instrukcj\u0119 Lego\u00ae, dzi\u0119ki kt\u00f3rej rozpalimy wyobra\u017ani\u0119 dziecka i podsuniemy mu kilka pomys\u0142\u00f3w na wyj\u0105tkow\u0105 budowl\u0119!<\/p>\n<p><img decoding=\"async\" style=\"font-size: 16px\" src=\"https:\/\/go4robot.pl\/sklep\/wp-content\/uploads\/2020\/05\/instrukcja-lego-300x220.png\" alt=\"\" \/><\/p>\n<\/section>\n<section style=\"font-size: 16px\">\n<section style=\"font-size: 16px\">Masz pytanie?<br \/>\nSkontaktuj si\u0119 z nami\u00a0tel.\u00a0<a style=\"font-size: 22px\" href=\"tel:668 115 750\">668 115 750<\/a>\u00a0e-mail\u00a0<a style=\"font-size: 22px\" href=\"mailto:biuro@g4r.pl\">biuro@g4r.pl<\/a><\/section>\n<\/section>\n","protected":false},"excerpt":{"rendered":"<p>Zosta\u0144 ninja z fantastycznym zestawem LEGO\u00ae NINJAGO\u00ae 70645 Cole \u2014 smoczy mistrz! Najpierw zbuduj r\u0105czk\u0119 z klock\u00f3w LEGO. Potem umie\u015b\u0107 Cole\u2019a w kapsule, doczep ostrze oraz smocze skrzyd\u0142a i poci\u0105gnij link\u0119. Mo\u017cesz wykonywa\u0107 w powietrzu niesamowite sztuczki, takie jak Atak smoka, i razem z przyjaci\u00f3\u0142mi bra\u0107 udzia\u0142 w wyzwaniach \u2014 na przyk\u0142ad Smoczym pojedynku. Czy uda Ci si\u0119 zosta\u0107 legendarnym smoczym mistrzem?<\/p>\n","protected":false},"featured_media":6083,"comment_status":"open","ping_status":"closed","template":"","meta":{"inline_featured_image":false},"product_cat":[293,334],"product_tag":[399,400,401,398],"acf":[],"yoast_head":"<!-- This site is optimized with the Yoast SEO plugin v19.10 - https:\/\/yoast.com\/wordpress\/plugins\/seo\/ -->\n<title>LEGO\u00ae NINJAGO\u00ae Cole Smoczy Mistrz (70645) - Sklep GO4Robot<\/title>\n<meta name=\"robots\" content=\"index, follow, max-snippet:-1, max-image-preview:large, max-video-preview:-1\" \/>\n<link rel=\"canonical\" href=\"https:\/\/go4robot.pl\/sklep\/lego-ninjago-cole-smoczy-mistrz\/\" \/>\n<meta property=\"og:locale\" content=\"pl_PL\" \/>\n<meta property=\"og:type\" content=\"article\" \/>\n<meta property=\"og:title\" content=\"LEGO\u00ae NINJAGO\u00ae Cole Smoczy Mistrz (70645) - Sklep GO4Robot\" \/>\n<meta property=\"og:description\" content=\"Zosta\u0144 ninja z fantastycznym zestawem LEGO\u00ae NINJAGO\u00ae 70645 Cole \u2014 smoczy mistrz! Najpierw zbuduj r\u0105czk\u0119 z klock\u00f3w LEGO. Potem umie\u015b\u0107 Cole\u2019a w kapsule, doczep ostrze oraz smocze skrzyd\u0142a i poci\u0105gnij link\u0119. Mo\u017cesz wykonywa\u0107 w powietrzu niesamowite sztuczki, takie jak Atak smoka, i razem z przyjaci\u00f3\u0142mi bra\u0107 udzia\u0142 w wyzwaniach \u2014 na przyk\u0142ad Smoczym pojedynku. Czy uda Ci si\u0119 zosta\u0107 legendarnym smoczym mistrzem?\" \/>\n<meta property=\"og:url\" content=\"https:\/\/go4robot.pl\/sklep\/lego-ninjago-cole-smoczy-mistrz\/\" \/>\n<meta property=\"og:site_name\" content=\"Sklep GO4Robot\" \/>\n<meta property=\"article:modified_time\" content=\"2025-06-09T06:58:21+00:00\" \/>\n<meta property=\"og:image\" content=\"https:\/\/go4robot.pl\/sklep\/wp-content\/uploads\/LEGO-NINJAGO-Cole-Smoczy-Mistrz-70645-1.jpg\" \/>\n\t<meta property=\"og:image:width\" content=\"1500\" \/>\n\t<meta property=\"og:image:height\" content=\"1499\" \/>\n\t<meta property=\"og:image:type\" content=\"image\/jpeg\" \/>\n<meta name=\"twitter:card\" content=\"summary_large_image\" \/>\n<meta name=\"twitter:label1\" content=\"Szacowany czas czytania\" \/>\n\t<meta name=\"twitter:data1\" content=\"1 minuta\" \/>\n<script type=\"application\/ld+json\" class=\"yoast-schema-graph\">{\"@context\":\"https:\/\/schema.org\",\"@graph\":[{\"@type\":\"WebPage\",\"@id\":\"https:\/\/go4robot.pl\/sklep\/lego-ninjago-cole-smoczy-mistrz\/\",\"url\":\"https:\/\/go4robot.pl\/sklep\/lego-ninjago-cole-smoczy-mistrz\/\",\"name\":\"LEGO\u00ae NINJAGO\u00ae Cole Smoczy Mistrz (70645) - Sklep GO4Robot\",\"isPartOf\":{\"@id\":\"https:\/\/go4robot.pl\/sklep\/#website\"},\"datePublished\":\"2020-11-20T08:15:40+00:00\",\"dateModified\":\"2025-06-09T06:58:21+00:00\",\"breadcrumb\":{\"@id\":\"https:\/\/go4robot.pl\/sklep\/lego-ninjago-cole-smoczy-mistrz\/#breadcrumb\"},\"inLanguage\":\"pl-PL\",\"potentialAction\":[{\"@type\":\"ReadAction\",\"target\":[\"https:\/\/go4robot.pl\/sklep\/lego-ninjago-cole-smoczy-mistrz\/\"]}]},{\"@type\":\"BreadcrumbList\",\"@id\":\"https:\/\/go4robot.pl\/sklep\/lego-ninjago-cole-smoczy-mistrz\/#breadcrumb\",\"itemListElement\":[{\"@type\":\"ListItem\",\"position\":1,\"name\":\"Go4Robot\",\"item\":\"https:\/\/go4robot.pl\/sklep\/\"},{\"@type\":\"ListItem\",\"position\":2,\"name\":\"Produkty\",\"item\":\"https:\/\/go4robot.pl\/sklep\/\"},{\"@type\":\"ListItem\",\"position\":3,\"name\":\"LEGO\u00ae NINJAGO\u00ae Cole Smoczy Mistrz (70645)\"}]},{\"@type\":\"WebSite\",\"@id\":\"https:\/\/go4robot.pl\/sklep\/#website\",\"url\":\"https:\/\/go4robot.pl\/sklep\/\",\"name\":\"Sklep GO4Robot\",\"description\":\"Robotyka dla dzieci\",\"publisher\":{\"@id\":\"https:\/\/go4robot.pl\/sklep\/#organization\"},\"potentialAction\":[{\"@type\":\"SearchAction\",\"target\":{\"@type\":\"EntryPoint\",\"urlTemplate\":\"https:\/\/go4robot.pl\/sklep\/?s={search_term_string}\"},\"query-input\":\"required name=search_term_string\"}],\"inLanguage\":\"pl-PL\"},{\"@type\":\"Organization\",\"@id\":\"https:\/\/go4robot.pl\/sklep\/#organization\",\"name\":\"Go4Robot\",\"url\":\"https:\/\/go4robot.pl\/sklep\/\",\"logo\":{\"@type\":\"ImageObject\",\"inLanguage\":\"pl-PL\",\"@id\":\"https:\/\/go4robot.pl\/sklep\/#\/schema\/logo\/image\/\",\"url\":\"https:\/\/go4robot.pl\/sklep\/wp-content\/uploads\/2021\/02\/go4robot-logo.svg\",\"contentUrl\":\"https:\/\/go4robot.pl\/sklep\/wp-content\/uploads\/2021\/02\/go4robot-logo.svg\",\"width\":400,\"height\":400,\"caption\":\"Go4Robot\"},\"image\":{\"@id\":\"https:\/\/go4robot.pl\/sklep\/#\/schema\/logo\/image\/\"}}]}<\/script>\n<!-- \/ Yoast SEO plugin. -->","yoast_head_json":{"title":"LEGO\u00ae NINJAGO\u00ae Cole Smoczy Mistrz (70645) - Sklep GO4Robot","robots":{"index":"index","follow":"follow","max-snippet":"max-snippet:-1","max-image-preview":"max-image-preview:large","max-video-preview":"max-video-preview:-1"},"canonical":"https:\/\/go4robot.pl\/sklep\/lego-ninjago-cole-smoczy-mistrz\/","og_locale":"pl_PL","og_type":"article","og_title":"LEGO\u00ae NINJAGO\u00ae Cole Smoczy Mistrz (70645) - Sklep GO4Robot","og_description":"Zosta\u0144 ninja z fantastycznym zestawem LEGO\u00ae NINJAGO\u00ae 70645 Cole \u2014 smoczy mistrz! Najpierw zbuduj r\u0105czk\u0119 z klock\u00f3w LEGO. Potem umie\u015b\u0107 Cole\u2019a w kapsule, doczep ostrze oraz smocze skrzyd\u0142a i poci\u0105gnij link\u0119. Mo\u017cesz wykonywa\u0107 w powietrzu niesamowite sztuczki, takie jak Atak smoka, i razem z przyjaci\u00f3\u0142mi bra\u0107 udzia\u0142 w wyzwaniach \u2014 na przyk\u0142ad Smoczym pojedynku. Czy uda Ci si\u0119 zosta\u0107 legendarnym smoczym mistrzem?","og_url":"https:\/\/go4robot.pl\/sklep\/lego-ninjago-cole-smoczy-mistrz\/","og_site_name":"Sklep GO4Robot","article_modified_time":"2025-06-09T06:58:21+00:00","og_image":[{"width":1500,"height":1499,"url":"https:\/\/go4robot.pl\/sklep\/wp-content\/uploads\/LEGO-NINJAGO-Cole-Smoczy-Mistrz-70645-1.jpg","type":"image\/jpeg"}],"twitter_card":"summary_large_image","twitter_misc":{"Szacowany czas czytania":"1 minuta"},"schema":{"@context":"https:\/\/schema.org","@graph":[{"@type":"WebPage","@id":"https:\/\/go4robot.pl\/sklep\/lego-ninjago-cole-smoczy-mistrz\/","url":"https:\/\/go4robot.pl\/sklep\/lego-ninjago-cole-smoczy-mistrz\/","name":"LEGO\u00ae NINJAGO\u00ae Cole Smoczy Mistrz (70645) - Sklep GO4Robot","isPartOf":{"@id":"https:\/\/go4robot.pl\/sklep\/#website"},"datePublished":"2020-11-20T08:15:40+00:00","dateModified":"2025-06-09T06:58:21+00:00","breadcrumb":{"@id":"https:\/\/go4robot.pl\/sklep\/lego-ninjago-cole-smoczy-mistrz\/#breadcrumb"},"inLanguage":"pl-PL","potentialAction":[{"@type":"ReadAction","target":["https:\/\/go4robot.pl\/sklep\/lego-ninjago-cole-smoczy-mistrz\/"]}]},{"@type":"BreadcrumbList","@id":"https:\/\/go4robot.pl\/sklep\/lego-ninjago-cole-smoczy-mistrz\/#breadcrumb","itemListElement":[{"@type":"ListItem","position":1,"name":"Go4Robot","item":"https:\/\/go4robot.pl\/sklep\/"},{"@type":"ListItem","position":2,"name":"Produkty","item":"https:\/\/go4robot.pl\/sklep\/"},{"@type":"ListItem","position":3,"name":"LEGO\u00ae NINJAGO\u00ae Cole Smoczy Mistrz (70645)"}]},{"@type":"WebSite","@id":"https:\/\/go4robot.pl\/sklep\/#website","url":"https:\/\/go4robot.pl\/sklep\/","name":"Sklep GO4Robot","description":"Robotyka dla dzieci","publisher":{"@id":"https:\/\/go4robot.pl\/sklep\/#organization"},"potentialAction":[{"@type":"SearchAction","target":{"@type":"EntryPoint","urlTemplate":"https:\/\/go4robot.pl\/sklep\/?s={search_term_string}"},"query-input":"required name=search_term_string"}],"inLanguage":"pl-PL"},{"@type":"Organization","@id":"https:\/\/go4robot.pl\/sklep\/#organization","name":"Go4Robot","url":"https:\/\/go4robot.pl\/sklep\/","logo":{"@type":"ImageObject","inLanguage":"pl-PL","@id":"https:\/\/go4robot.pl\/sklep\/#\/schema\/logo\/image\/","url":"https:\/\/go4robot.pl\/sklep\/wp-content\/uploads\/2021\/02\/go4robot-logo.svg","contentUrl":"https:\/\/go4robot.pl\/sklep\/wp-content\/uploads\/2021\/02\/go4robot-logo.svg","width":400,"height":400,"caption":"Go4Robot"},"image":{"@id":"https:\/\/go4robot.pl\/sklep\/#\/schema\/logo\/image\/"}}]}},"_links":{"self":[{"href":"https:\/\/go4robot.pl\/sklep\/wp-json\/wp\/v2\/product\/3922"}],"collection":[{"href":"https:\/\/go4robot.pl\/sklep\/wp-json\/wp\/v2\/product"}],"about":[{"href":"https:\/\/go4robot.pl\/sklep\/wp-json\/wp\/v2\/types\/product"}],"replies":[{"embeddable":true,"href":"https:\/\/go4robot.pl\/sklep\/wp-json\/wp\/v2\/comments?post=3922"}],"wp:featuredmedia":[{"embeddable":true,"href":"https:\/\/go4robot.pl\/sklep\/wp-json\/wp\/v2\/media\/6083"}],"wp:attachment":[{"href":"https:\/\/go4robot.pl\/sklep\/wp-json\/wp\/v2\/media?parent=3922"}],"wp:term":[{"taxonomy":"product_cat","embeddable":true,"href":"https:\/\/go4robot.pl\/sklep\/wp-json\/wp\/v2\/product_cat?post=3922"},{"taxonomy":"product_tag","embeddable":true,"href":"https:\/\/go4robot.pl\/sklep\/wp-json\/wp\/v2\/product_tag?post=3922"}],"curies":[{"name":"wp","href":"https:\/\/api.w.org\/{rel}","templated":true}]}}