{"id":3896,"date":"2020-11-20T08:04:32","date_gmt":"2020-11-20T07:04:32","guid":{"rendered":"https:\/\/go4robot.pl\/sklep\/?post_type=product&#038;p=3896"},"modified":"2025-06-10T11:25:05","modified_gmt":"2025-06-10T10:25:05","slug":"lego-dots-bransoletka-sportowa","status":"publish","type":"product","link":"https:\/\/go4robot.pl\/sklep\/lego-dots-bransoletka-sportowa\/","title":{"rendered":"LEGO\u00ae DOTS\u2122 Bransoletka sportowa (41911)"},"content":{"rendered":"<h2>LEGO\u00ae DOTS Bransoletka sportowa<\/h2>\n<h2>Mi\u0142o\u015bnikom prac r\u0119cznych spodoba si\u0119 pomys\u0142 wykonania w\u0142asnej bi\u017cuterii ze \u015bwietnego zestawu LEGO\u00ae DOTS (41911) Bransoletka sportowa. Ta \u0142atwa i intuicyjna zabawka oferuje dzieciom mo\u017cliwo\u015b\u0107 zrobienia w\u0142asnej bi\u017cuterii i jej wielokrotnego przerabiania, tak aby pasowa\u0142a do stroju, nastroju albo ulubionej dyscypliny olimpijskiej.<\/h2>\n<h2><\/h2>\n<h2>Kreatywny zestaw dla projektant\u00f3w bransoletek Ten \u015bwietny zestaw z bransoletk\u0105 zawiera 32 kolorowe p\u0142ytki oraz regulowan\u0105 niebiesk\u0105 opask\u0119, kt\u00f3ra pasuje na ma\u0142e i du\u017ce nadgarstki. Zestaw obejmuje specjalne p\u0142ytki ozdobione ikonami o tematyce sportowej. Zach\u0119caj\u0105 one dzieci do tworzenia unikalnych i zabawnych bransoletek, a przy okazji \u0107wiczenia wyobra\u017ani i nauki wyra\u017cania siebie przez zabaw\u0119.<\/h2>\n<h2><\/h2>\n<h2>Zabawa w projektowanie dla mi\u0142o\u015bnik\u00f3w kreatywno\u015bci Ten artystyczny zestaw pozwala dzieciom pu\u015bci\u0107 wodze wyobra\u017ani i ozdobi\u0107 bransoletk\u0119 w dowolny spos\u00f3b, by m\u00f3c si\u0119 ni\u0105 p\u00f3\u017aniej pochwali\u0107 \u2014 mog\u0105 dopasowa\u0107 j\u0105 do nastroju albo po prostu do swojej osobowo\u015bci. Do tych bransoletek wszystko pasuje! Co wi\u0119cej \u015bwietnie sprawdz\u0105 si\u0119 one jako prezent na Bo\u017ce Narodzenie, urodziny lub z dowolnej innej okazji.<\/h2>\n<section style=\"font-size: 16px\">Masz pytanie?<\/section>\n<section style=\"font-size: 16px\">\n<section style=\"font-size: 16px\">Skontaktuj si\u0119 z nami\u00a0tel.\u00a0<a style=\"font-size: 22px\" href=\"tel:668 115 750\">668 115 750<\/a>\u00a0e-mail\u00a0<a style=\"font-size: 22px\" href=\"mailto:biuro@g4r.pl\">biuro@g4r.pl<\/a><\/section>\n<\/section>\n","protected":false},"excerpt":{"rendered":"<p>Mi\u0142o\u015bnikom prac r\u0119cznych spodoba si\u0119 pomys\u0142 wykonania w\u0142asnej bi\u017cuterii ze \u015bwietnego zestawu LEGO\u00ae DOTS (41911) Bransoletka sportowa. Ta \u0142atwa i intuicyjna zabawka oferuje dzieciom mo\u017cliwo\u015b\u0107 zrobienia w\u0142asnej bi\u017cuterii i jej wielokrotnego przerabiania, tak aby pasowa\u0142a do stroju, nastroju albo ulubionej dyscypliny olimpijskiej.<\/p>\n","protected":false},"featured_media":6135,"comment_status":"open","ping_status":"closed","template":"","meta":{"inline_featured_image":false},"product_cat":[293],"product_tag":[425,426,423,424],"acf":[],"yoast_head":"<!-- This site is optimized with the Yoast SEO plugin v19.10 - https:\/\/yoast.com\/wordpress\/plugins\/seo\/ -->\n<title>LEGO\u00ae DOTS\u2122 Bransoletka sportowa (41911) - Sklep GO4Robot<\/title>\n<meta name=\"robots\" content=\"index, follow, max-snippet:-1, max-image-preview:large, max-video-preview:-1\" \/>\n<link rel=\"canonical\" href=\"https:\/\/go4robot.pl\/sklep\/lego-dots-bransoletka-sportowa\/\" \/>\n<meta property=\"og:locale\" content=\"pl_PL\" \/>\n<meta property=\"og:type\" content=\"article\" \/>\n<meta property=\"og:title\" content=\"LEGO\u00ae DOTS\u2122 Bransoletka sportowa (41911) - Sklep GO4Robot\" \/>\n<meta property=\"og:description\" content=\"Mi\u0142o\u015bnikom prac r\u0119cznych spodoba si\u0119 pomys\u0142 wykonania w\u0142asnej bi\u017cuterii ze \u015bwietnego zestawu LEGO\u00ae DOTS (41911) Bransoletka sportowa. Ta \u0142atwa i intuicyjna zabawka oferuje dzieciom mo\u017cliwo\u015b\u0107 zrobienia w\u0142asnej bi\u017cuterii i jej wielokrotnego przerabiania, tak aby pasowa\u0142a do stroju, nastroju albo ulubionej dyscypliny olimpijskiej.\" \/>\n<meta property=\"og:url\" content=\"https:\/\/go4robot.pl\/sklep\/lego-dots-bransoletka-sportowa\/\" \/>\n<meta property=\"og:site_name\" content=\"Sklep GO4Robot\" \/>\n<meta property=\"article:modified_time\" content=\"2025-06-10T10:25:05+00:00\" \/>\n<meta property=\"og:image\" content=\"https:\/\/go4robot.pl\/sklep\/wp-content\/uploads\/LEGO-DOTS-41911-1.jpg\" \/>\n\t<meta property=\"og:image:width\" content=\"1033\" \/>\n\t<meta property=\"og:image:height\" content=\"1500\" \/>\n\t<meta property=\"og:image:type\" content=\"image\/jpeg\" \/>\n<meta name=\"twitter:card\" content=\"summary_large_image\" \/>\n<meta name=\"twitter:label1\" content=\"Szacowany czas czytania\" \/>\n\t<meta name=\"twitter:data1\" content=\"1 minuta\" \/>\n<script type=\"application\/ld+json\" class=\"yoast-schema-graph\">{\"@context\":\"https:\/\/schema.org\",\"@graph\":[{\"@type\":\"WebPage\",\"@id\":\"https:\/\/go4robot.pl\/sklep\/lego-dots-bransoletka-sportowa\/\",\"url\":\"https:\/\/go4robot.pl\/sklep\/lego-dots-bransoletka-sportowa\/\",\"name\":\"LEGO\u00ae DOTS\u2122 Bransoletka sportowa (41911) - Sklep GO4Robot\",\"isPartOf\":{\"@id\":\"https:\/\/go4robot.pl\/sklep\/#website\"},\"datePublished\":\"2020-11-20T07:04:32+00:00\",\"dateModified\":\"2025-06-10T10:25:05+00:00\",\"breadcrumb\":{\"@id\":\"https:\/\/go4robot.pl\/sklep\/lego-dots-bransoletka-sportowa\/#breadcrumb\"},\"inLanguage\":\"pl-PL\",\"potentialAction\":[{\"@type\":\"ReadAction\",\"target\":[\"https:\/\/go4robot.pl\/sklep\/lego-dots-bransoletka-sportowa\/\"]}]},{\"@type\":\"BreadcrumbList\",\"@id\":\"https:\/\/go4robot.pl\/sklep\/lego-dots-bransoletka-sportowa\/#breadcrumb\",\"itemListElement\":[{\"@type\":\"ListItem\",\"position\":1,\"name\":\"Go4Robot\",\"item\":\"https:\/\/go4robot.pl\/sklep\/\"},{\"@type\":\"ListItem\",\"position\":2,\"name\":\"Produkty\",\"item\":\"https:\/\/go4robot.pl\/sklep\/\"},{\"@type\":\"ListItem\",\"position\":3,\"name\":\"LEGO\u00ae DOTS\u2122 Bransoletka sportowa (41911)\"}]},{\"@type\":\"WebSite\",\"@id\":\"https:\/\/go4robot.pl\/sklep\/#website\",\"url\":\"https:\/\/go4robot.pl\/sklep\/\",\"name\":\"Sklep GO4Robot\",\"description\":\"Robotyka dla dzieci\",\"publisher\":{\"@id\":\"https:\/\/go4robot.pl\/sklep\/#organization\"},\"potentialAction\":[{\"@type\":\"SearchAction\",\"target\":{\"@type\":\"EntryPoint\",\"urlTemplate\":\"https:\/\/go4robot.pl\/sklep\/?s={search_term_string}\"},\"query-input\":\"required name=search_term_string\"}],\"inLanguage\":\"pl-PL\"},{\"@type\":\"Organization\",\"@id\":\"https:\/\/go4robot.pl\/sklep\/#organization\",\"name\":\"Go4Robot\",\"url\":\"https:\/\/go4robot.pl\/sklep\/\",\"logo\":{\"@type\":\"ImageObject\",\"inLanguage\":\"pl-PL\",\"@id\":\"https:\/\/go4robot.pl\/sklep\/#\/schema\/logo\/image\/\",\"url\":\"https:\/\/go4robot.pl\/sklep\/wp-content\/uploads\/2021\/02\/go4robot-logo.svg\",\"contentUrl\":\"https:\/\/go4robot.pl\/sklep\/wp-content\/uploads\/2021\/02\/go4robot-logo.svg\",\"width\":400,\"height\":400,\"caption\":\"Go4Robot\"},\"image\":{\"@id\":\"https:\/\/go4robot.pl\/sklep\/#\/schema\/logo\/image\/\"}}]}<\/script>\n<!-- \/ Yoast SEO plugin. -->","yoast_head_json":{"title":"LEGO\u00ae DOTS\u2122 Bransoletka sportowa (41911) - Sklep GO4Robot","robots":{"index":"index","follow":"follow","max-snippet":"max-snippet:-1","max-image-preview":"max-image-preview:large","max-video-preview":"max-video-preview:-1"},"canonical":"https:\/\/go4robot.pl\/sklep\/lego-dots-bransoletka-sportowa\/","og_locale":"pl_PL","og_type":"article","og_title":"LEGO\u00ae DOTS\u2122 Bransoletka sportowa (41911) - Sklep GO4Robot","og_description":"Mi\u0142o\u015bnikom prac r\u0119cznych spodoba si\u0119 pomys\u0142 wykonania w\u0142asnej bi\u017cuterii ze \u015bwietnego zestawu LEGO\u00ae DOTS (41911) Bransoletka sportowa. Ta \u0142atwa i intuicyjna zabawka oferuje dzieciom mo\u017cliwo\u015b\u0107 zrobienia w\u0142asnej bi\u017cuterii i jej wielokrotnego przerabiania, tak aby pasowa\u0142a do stroju, nastroju albo ulubionej dyscypliny olimpijskiej.","og_url":"https:\/\/go4robot.pl\/sklep\/lego-dots-bransoletka-sportowa\/","og_site_name":"Sklep GO4Robot","article_modified_time":"2025-06-10T10:25:05+00:00","og_image":[{"width":1033,"height":1500,"url":"https:\/\/go4robot.pl\/sklep\/wp-content\/uploads\/LEGO-DOTS-41911-1.jpg","type":"image\/jpeg"}],"twitter_card":"summary_large_image","twitter_misc":{"Szacowany czas czytania":"1 minuta"},"schema":{"@context":"https:\/\/schema.org","@graph":[{"@type":"WebPage","@id":"https:\/\/go4robot.pl\/sklep\/lego-dots-bransoletka-sportowa\/","url":"https:\/\/go4robot.pl\/sklep\/lego-dots-bransoletka-sportowa\/","name":"LEGO\u00ae DOTS\u2122 Bransoletka sportowa (41911) - Sklep GO4Robot","isPartOf":{"@id":"https:\/\/go4robot.pl\/sklep\/#website"},"datePublished":"2020-11-20T07:04:32+00:00","dateModified":"2025-06-10T10:25:05+00:00","breadcrumb":{"@id":"https:\/\/go4robot.pl\/sklep\/lego-dots-bransoletka-sportowa\/#breadcrumb"},"inLanguage":"pl-PL","potentialAction":[{"@type":"ReadAction","target":["https:\/\/go4robot.pl\/sklep\/lego-dots-bransoletka-sportowa\/"]}]},{"@type":"BreadcrumbList","@id":"https:\/\/go4robot.pl\/sklep\/lego-dots-bransoletka-sportowa\/#breadcrumb","itemListElement":[{"@type":"ListItem","position":1,"name":"Go4Robot","item":"https:\/\/go4robot.pl\/sklep\/"},{"@type":"ListItem","position":2,"name":"Produkty","item":"https:\/\/go4robot.pl\/sklep\/"},{"@type":"ListItem","position":3,"name":"LEGO\u00ae DOTS\u2122 Bransoletka sportowa (41911)"}]},{"@type":"WebSite","@id":"https:\/\/go4robot.pl\/sklep\/#website","url":"https:\/\/go4robot.pl\/sklep\/","name":"Sklep GO4Robot","description":"Robotyka dla dzieci","publisher":{"@id":"https:\/\/go4robot.pl\/sklep\/#organization"},"potentialAction":[{"@type":"SearchAction","target":{"@type":"EntryPoint","urlTemplate":"https:\/\/go4robot.pl\/sklep\/?s={search_term_string}"},"query-input":"required name=search_term_string"}],"inLanguage":"pl-PL"},{"@type":"Organization","@id":"https:\/\/go4robot.pl\/sklep\/#organization","name":"Go4Robot","url":"https:\/\/go4robot.pl\/sklep\/","logo":{"@type":"ImageObject","inLanguage":"pl-PL","@id":"https:\/\/go4robot.pl\/sklep\/#\/schema\/logo\/image\/","url":"https:\/\/go4robot.pl\/sklep\/wp-content\/uploads\/2021\/02\/go4robot-logo.svg","contentUrl":"https:\/\/go4robot.pl\/sklep\/wp-content\/uploads\/2021\/02\/go4robot-logo.svg","width":400,"height":400,"caption":"Go4Robot"},"image":{"@id":"https:\/\/go4robot.pl\/sklep\/#\/schema\/logo\/image\/"}}]}},"_links":{"self":[{"href":"https:\/\/go4robot.pl\/sklep\/wp-json\/wp\/v2\/product\/3896"}],"collection":[{"href":"https:\/\/go4robot.pl\/sklep\/wp-json\/wp\/v2\/product"}],"about":[{"href":"https:\/\/go4robot.pl\/sklep\/wp-json\/wp\/v2\/types\/product"}],"replies":[{"embeddable":true,"href":"https:\/\/go4robot.pl\/sklep\/wp-json\/wp\/v2\/comments?post=3896"}],"wp:featuredmedia":[{"embeddable":true,"href":"https:\/\/go4robot.pl\/sklep\/wp-json\/wp\/v2\/media\/6135"}],"wp:attachment":[{"href":"https:\/\/go4robot.pl\/sklep\/wp-json\/wp\/v2\/media?parent=3896"}],"wp:term":[{"taxonomy":"product_cat","embeddable":true,"href":"https:\/\/go4robot.pl\/sklep\/wp-json\/wp\/v2\/product_cat?post=3896"},{"taxonomy":"product_tag","embeddable":true,"href":"https:\/\/go4robot.pl\/sklep\/wp-json\/wp\/v2\/product_tag?post=3896"}],"curies":[{"name":"wp","href":"https:\/\/api.w.org\/{rel}","templated":true}]}}