{"id":3792,"date":"2020-11-19T19:40:45","date_gmt":"2020-11-19T18:40:45","guid":{"rendered":"https:\/\/go4robot.pl\/sklep\/?post_type=product&#038;p=3792"},"modified":"2026-01-09T13:03:35","modified_gmt":"2026-01-09T12:03:35","slug":"lego-duplo-jaskinia-batmana","status":"publish","type":"product","link":"https:\/\/go4robot.pl\/sklep\/lego-duplo-jaskinia-batmana\/","title":{"rendered":"LEGO\u00ae DUPLO\u00ae Jaskinia Batmana (10919)"},"content":{"rendered":"<h2>LEGO\u00ae Duplo Jaskinia Batmana<\/h2>\n<h2><\/h2>\n<p style=\"color: #2c2c2c;font-family: 'Cera Pro', sans-serif;font-size: 16px;font-weight: 400\">Rozwijaj\u0105ca zabawa z Batmanem i Robinem<br \/>\nZestaw LEGO\u00ae DUPLO\u00ae Jaskinia Batmana\u2122 (10919) daje r\u00f3\u017cne mo\u017cliwo\u015bci zabawy, zach\u0119ca do kreatywno\u015bci oraz stymuluje rozw\u00f3j. Dzieci znajd\u0105 w nim figurki Batmana, Robina oraz Jokera. Przeje\u017cd\u017caj\u0105c Batmobilem\u2122 przez bram\u0119 i otwieraj\u0105c oraz zamykaj\u0105c drzwi wi\u0119zienia, maluchy b\u0119d\u0105 \u0107wiczy\u0107 zdolno\u015bci manualne. Wcielanie si\u0119 w trzy r\u00f3\u017cne postacie i odgrywanie interakcji mi\u0119dzy nimi wp\u0142ynie korzystnie na rozw\u00f3j spo\u0142eczny i emocjonalny dzieci.<\/p>\n<p style=\"color: #2c2c2c;font-family: 'Cera Pro', sans-serif;font-size: 16px;font-weight: 400\">Nieko\u0144cz\u0105ca si\u0119 zabawa w udawanie kultowych bohater\u00f3w<br \/>\nZestawy LEGO DUPLO z Batmanem to przeznaczone dla pocz\u0105tkuj\u0105cych budowniczych zabawki, kt\u00f3re dzieciom daj\u0105 nieko\u0144cz\u0105ce si\u0119 mo\u017cliwo\u015bci rozwoju przez zabaw\u0119, a rodzicom \u2014 wyj\u0105tkow\u0105 okazj\u0119 do sp\u0119dzania czasu z ich ma\u0142ymi superbohaterami.<\/p>\n<ul style=\"padding-left: 1.875rem;margin-top: 1.125rem;margin-bottom: 1.125rem;margin-left: 1.5625rem;color: #2c2c2c;font-family: 'Cera Pro', sans-serif;font-size: 16px\">\n<li style=\"list-style-type: disc;margin-bottom: 0.75rem;padding-bottom: 1.5625rem\"><\/li>\n<li style=\"list-style-type: disc;margin-bottom: 0.75rem;padding-bottom: 1.5625rem\"><\/li>\n<li style=\"list-style-type: disc;margin-bottom: 0.75rem;padding-bottom: 1.5625rem\">Nie wymaga baterii. Praktyczna zabawa rozpoczyna si\u0119 od razu, stymuluj\u0105c umys\u0142 dziecka i wspieraj\u0105c jego rozw\u00f3j.<\/li>\n<li style=\"list-style-type: disc;margin-bottom: 0.75rem;padding-bottom: 1.5625rem\">Zawiera proste instrukcje, wi\u0119c rodzice i opiekunowie mog\u0105 bez problemu bawi\u0107 si\u0119 w budowanie razem z maluchami.<\/li>\n<li style=\"list-style-type: disc;margin-bottom: 0.75rem;padding-bottom: 1.5625rem\"><\/li>\n<\/ul>\n<section style=\"font-size: 16px\">Do ka\u017cdego zestawu do\u0142\u0105czamy:<\/p>\n<p style=\"font-size: 16px\">Oryginaln\u0105 instrukcj\u0119 Lego\u00ae, dzi\u0119ki kt\u00f3rej rozpalimy wyobra\u017ani\u0119 dziecka i podsuniemy mu kilka pomys\u0142\u00f3w na wyj\u0105tkow\u0105 budowl\u0119!<\/p>\n<p><img decoding=\"async\" style=\"font-size: 16px\" src=\"https:\/\/go4robot.pl\/sklep\/wp-content\/uploads\/2020\/05\/instrukcja-lego-300x220.png\" alt=\"\" \/><\/p>\n<\/section>\n<section style=\"font-size: 16px\">\n<section style=\"font-size: 16px\">Masz pytanie?<br \/>\nSkontaktuj si\u0119 z nami\u00a0tel.\u00a0<a style=\"font-size: 22px\" href=\"tel:668 115 750\">668 115 750<\/a>\u00a0e-mail\u00a0<a style=\"font-size: 22px\" href=\"mailto:biuro@g4r.pl\">biuro@g4r.pl<\/a><\/section>\n<\/section>\n","protected":false},"excerpt":{"rendered":"<p>Tw\u00f3j ma\u0142y bohater mo\u017ce wyruszy\u0107 w po\u015bcig za zbieg\u0142ym Jokerem\u2122 i wraz z Batmanem\u2122 oraz Robinem\u2122 wpakowa\u0107 z\u0142oczy\u0144c\u0119 tam, gdzie jego miejsce. Dla maluch\u00f3w oznacza to wiele zabawy, wymy\u015blania przyg\u00f3d i rozwijania superbohaterskich umiej\u0119tno\u015bci!<\/p>\n","protected":false},"featured_media":5983,"comment_status":"open","ping_status":"closed","template":"","meta":{"inline_featured_image":false},"product_cat":[293,296],"product_tag":[352,353,313,351],"acf":[],"yoast_head":"<!-- This site is optimized with the Yoast SEO plugin v19.10 - https:\/\/yoast.com\/wordpress\/plugins\/seo\/ -->\n<title>LEGO\u00ae DUPLO\u00ae Jaskinia Batmana (10919) - Sklep GO4Robot<\/title>\n<meta name=\"robots\" content=\"index, follow, max-snippet:-1, max-image-preview:large, max-video-preview:-1\" \/>\n<link rel=\"canonical\" href=\"https:\/\/go4robot.pl\/sklep\/lego-duplo-jaskinia-batmana\/\" \/>\n<meta property=\"og:locale\" content=\"pl_PL\" \/>\n<meta property=\"og:type\" content=\"article\" \/>\n<meta property=\"og:title\" content=\"LEGO\u00ae DUPLO\u00ae Jaskinia Batmana (10919) - Sklep GO4Robot\" \/>\n<meta property=\"og:description\" content=\"Tw\u00f3j ma\u0142y bohater mo\u017ce wyruszy\u0107 w po\u015bcig za zbieg\u0142ym Jokerem\u2122 i wraz z Batmanem\u2122 oraz Robinem\u2122 wpakowa\u0107 z\u0142oczy\u0144c\u0119 tam, gdzie jego miejsce. Dla maluch\u00f3w oznacza to wiele zabawy, wymy\u015blania przyg\u00f3d i rozwijania superbohaterskich umiej\u0119tno\u015bci!\" \/>\n<meta property=\"og:url\" content=\"https:\/\/go4robot.pl\/sklep\/lego-duplo-jaskinia-batmana\/\" \/>\n<meta property=\"og:site_name\" content=\"Sklep GO4Robot\" \/>\n<meta property=\"article:modified_time\" content=\"2026-01-09T12:03:35+00:00\" \/>\n<meta property=\"og:image\" content=\"https:\/\/go4robot.pl\/sklep\/wp-content\/uploads\/LEGO-DUPLO-Jaskinia-Batmana-10919-1.png\" \/>\n\t<meta property=\"og:image:width\" content=\"2560\" \/>\n\t<meta property=\"og:image:height\" content=\"2560\" \/>\n\t<meta property=\"og:image:type\" content=\"image\/png\" \/>\n<meta name=\"twitter:card\" content=\"summary_large_image\" \/>\n<meta name=\"twitter:label1\" content=\"Szacowany czas czytania\" \/>\n\t<meta name=\"twitter:data1\" content=\"1 minuta\" \/>\n<script type=\"application\/ld+json\" class=\"yoast-schema-graph\">{\"@context\":\"https:\/\/schema.org\",\"@graph\":[{\"@type\":\"WebPage\",\"@id\":\"https:\/\/go4robot.pl\/sklep\/lego-duplo-jaskinia-batmana\/\",\"url\":\"https:\/\/go4robot.pl\/sklep\/lego-duplo-jaskinia-batmana\/\",\"name\":\"LEGO\u00ae DUPLO\u00ae Jaskinia Batmana (10919) - Sklep GO4Robot\",\"isPartOf\":{\"@id\":\"https:\/\/go4robot.pl\/sklep\/#website\"},\"datePublished\":\"2020-11-19T18:40:45+00:00\",\"dateModified\":\"2026-01-09T12:03:35+00:00\",\"breadcrumb\":{\"@id\":\"https:\/\/go4robot.pl\/sklep\/lego-duplo-jaskinia-batmana\/#breadcrumb\"},\"inLanguage\":\"pl-PL\",\"potentialAction\":[{\"@type\":\"ReadAction\",\"target\":[\"https:\/\/go4robot.pl\/sklep\/lego-duplo-jaskinia-batmana\/\"]}]},{\"@type\":\"BreadcrumbList\",\"@id\":\"https:\/\/go4robot.pl\/sklep\/lego-duplo-jaskinia-batmana\/#breadcrumb\",\"itemListElement\":[{\"@type\":\"ListItem\",\"position\":1,\"name\":\"Go4Robot\",\"item\":\"https:\/\/go4robot.pl\/sklep\/\"},{\"@type\":\"ListItem\",\"position\":2,\"name\":\"Produkty\",\"item\":\"https:\/\/go4robot.pl\/sklep\/\"},{\"@type\":\"ListItem\",\"position\":3,\"name\":\"LEGO\u00ae DUPLO\u00ae Jaskinia Batmana (10919)\"}]},{\"@type\":\"WebSite\",\"@id\":\"https:\/\/go4robot.pl\/sklep\/#website\",\"url\":\"https:\/\/go4robot.pl\/sklep\/\",\"name\":\"Sklep GO4Robot\",\"description\":\"Robotyka dla dzieci\",\"publisher\":{\"@id\":\"https:\/\/go4robot.pl\/sklep\/#organization\"},\"potentialAction\":[{\"@type\":\"SearchAction\",\"target\":{\"@type\":\"EntryPoint\",\"urlTemplate\":\"https:\/\/go4robot.pl\/sklep\/?s={search_term_string}\"},\"query-input\":\"required name=search_term_string\"}],\"inLanguage\":\"pl-PL\"},{\"@type\":\"Organization\",\"@id\":\"https:\/\/go4robot.pl\/sklep\/#organization\",\"name\":\"Go4Robot\",\"url\":\"https:\/\/go4robot.pl\/sklep\/\",\"logo\":{\"@type\":\"ImageObject\",\"inLanguage\":\"pl-PL\",\"@id\":\"https:\/\/go4robot.pl\/sklep\/#\/schema\/logo\/image\/\",\"url\":\"https:\/\/go4robot.pl\/sklep\/wp-content\/uploads\/2021\/02\/go4robot-logo.svg\",\"contentUrl\":\"https:\/\/go4robot.pl\/sklep\/wp-content\/uploads\/2021\/02\/go4robot-logo.svg\",\"width\":400,\"height\":400,\"caption\":\"Go4Robot\"},\"image\":{\"@id\":\"https:\/\/go4robot.pl\/sklep\/#\/schema\/logo\/image\/\"}}]}<\/script>\n<!-- \/ Yoast SEO plugin. -->","yoast_head_json":{"title":"LEGO\u00ae DUPLO\u00ae Jaskinia Batmana (10919) - Sklep GO4Robot","robots":{"index":"index","follow":"follow","max-snippet":"max-snippet:-1","max-image-preview":"max-image-preview:large","max-video-preview":"max-video-preview:-1"},"canonical":"https:\/\/go4robot.pl\/sklep\/lego-duplo-jaskinia-batmana\/","og_locale":"pl_PL","og_type":"article","og_title":"LEGO\u00ae DUPLO\u00ae Jaskinia Batmana (10919) - Sklep GO4Robot","og_description":"Tw\u00f3j ma\u0142y bohater mo\u017ce wyruszy\u0107 w po\u015bcig za zbieg\u0142ym Jokerem\u2122 i wraz z Batmanem\u2122 oraz Robinem\u2122 wpakowa\u0107 z\u0142oczy\u0144c\u0119 tam, gdzie jego miejsce. Dla maluch\u00f3w oznacza to wiele zabawy, wymy\u015blania przyg\u00f3d i rozwijania superbohaterskich umiej\u0119tno\u015bci!","og_url":"https:\/\/go4robot.pl\/sklep\/lego-duplo-jaskinia-batmana\/","og_site_name":"Sklep GO4Robot","article_modified_time":"2026-01-09T12:03:35+00:00","og_image":[{"width":2560,"height":2560,"url":"https:\/\/go4robot.pl\/sklep\/wp-content\/uploads\/LEGO-DUPLO-Jaskinia-Batmana-10919-1.png","type":"image\/png"}],"twitter_card":"summary_large_image","twitter_misc":{"Szacowany czas czytania":"1 minuta"},"schema":{"@context":"https:\/\/schema.org","@graph":[{"@type":"WebPage","@id":"https:\/\/go4robot.pl\/sklep\/lego-duplo-jaskinia-batmana\/","url":"https:\/\/go4robot.pl\/sklep\/lego-duplo-jaskinia-batmana\/","name":"LEGO\u00ae DUPLO\u00ae Jaskinia Batmana (10919) - Sklep GO4Robot","isPartOf":{"@id":"https:\/\/go4robot.pl\/sklep\/#website"},"datePublished":"2020-11-19T18:40:45+00:00","dateModified":"2026-01-09T12:03:35+00:00","breadcrumb":{"@id":"https:\/\/go4robot.pl\/sklep\/lego-duplo-jaskinia-batmana\/#breadcrumb"},"inLanguage":"pl-PL","potentialAction":[{"@type":"ReadAction","target":["https:\/\/go4robot.pl\/sklep\/lego-duplo-jaskinia-batmana\/"]}]},{"@type":"BreadcrumbList","@id":"https:\/\/go4robot.pl\/sklep\/lego-duplo-jaskinia-batmana\/#breadcrumb","itemListElement":[{"@type":"ListItem","position":1,"name":"Go4Robot","item":"https:\/\/go4robot.pl\/sklep\/"},{"@type":"ListItem","position":2,"name":"Produkty","item":"https:\/\/go4robot.pl\/sklep\/"},{"@type":"ListItem","position":3,"name":"LEGO\u00ae DUPLO\u00ae Jaskinia Batmana (10919)"}]},{"@type":"WebSite","@id":"https:\/\/go4robot.pl\/sklep\/#website","url":"https:\/\/go4robot.pl\/sklep\/","name":"Sklep GO4Robot","description":"Robotyka dla dzieci","publisher":{"@id":"https:\/\/go4robot.pl\/sklep\/#organization"},"potentialAction":[{"@type":"SearchAction","target":{"@type":"EntryPoint","urlTemplate":"https:\/\/go4robot.pl\/sklep\/?s={search_term_string}"},"query-input":"required name=search_term_string"}],"inLanguage":"pl-PL"},{"@type":"Organization","@id":"https:\/\/go4robot.pl\/sklep\/#organization","name":"Go4Robot","url":"https:\/\/go4robot.pl\/sklep\/","logo":{"@type":"ImageObject","inLanguage":"pl-PL","@id":"https:\/\/go4robot.pl\/sklep\/#\/schema\/logo\/image\/","url":"https:\/\/go4robot.pl\/sklep\/wp-content\/uploads\/2021\/02\/go4robot-logo.svg","contentUrl":"https:\/\/go4robot.pl\/sklep\/wp-content\/uploads\/2021\/02\/go4robot-logo.svg","width":400,"height":400,"caption":"Go4Robot"},"image":{"@id":"https:\/\/go4robot.pl\/sklep\/#\/schema\/logo\/image\/"}}]}},"_links":{"self":[{"href":"https:\/\/go4robot.pl\/sklep\/wp-json\/wp\/v2\/product\/3792"}],"collection":[{"href":"https:\/\/go4robot.pl\/sklep\/wp-json\/wp\/v2\/product"}],"about":[{"href":"https:\/\/go4robot.pl\/sklep\/wp-json\/wp\/v2\/types\/product"}],"replies":[{"embeddable":true,"href":"https:\/\/go4robot.pl\/sklep\/wp-json\/wp\/v2\/comments?post=3792"}],"wp:featuredmedia":[{"embeddable":true,"href":"https:\/\/go4robot.pl\/sklep\/wp-json\/wp\/v2\/media\/5983"}],"wp:attachment":[{"href":"https:\/\/go4robot.pl\/sklep\/wp-json\/wp\/v2\/media?parent=3792"}],"wp:term":[{"taxonomy":"product_cat","embeddable":true,"href":"https:\/\/go4robot.pl\/sklep\/wp-json\/wp\/v2\/product_cat?post=3792"},{"taxonomy":"product_tag","embeddable":true,"href":"https:\/\/go4robot.pl\/sklep\/wp-json\/wp\/v2\/product_tag?post=3792"}],"curies":[{"name":"wp","href":"https:\/\/api.w.org\/{rel}","templated":true}]}}