{"id":3701,"date":"2020-11-19T18:30:25","date_gmt":"2020-11-19T17:30:25","guid":{"rendered":"https:\/\/go4robot.pl\/sklep\/?post_type=product&#038;p=3701"},"modified":"2024-09-05T06:20:34","modified_gmt":"2024-09-05T05:20:34","slug":"lego-friends-wozek-z-lodami","status":"publish","type":"product","link":"https:\/\/go4robot.pl\/sklep\/lego-friends-wozek-z-lodami\/","title":{"rendered":"LEGO\u00ae Friends W\u00f3zek z lodami (41389)"},"content":{"rendered":"<h2>LEGO\u00ae Friends W\u00f3zek z lodami<\/h2>\n<h2>\u00a0Zabawa na ko\u0142ach Je\u015bli Tw\u00f3j maluch lubi pojazdy, na pewno spodoba mu si\u0119 uroczy w\u00f3zek ze skuterem LEGO. W\u00f3zek mo\u017cna odczepi\u0107 od skutera, by zabawa by\u0142a bardziej dynamiczna. Zestaw u\u0142atwia te\u017c pomys\u0142ow\u0105 zabaw\u0119 \u2014 dzieci mog\u0105 zdecydowa\u0107, gdzie Stephanie pojedzie swoim skuterem. Najprzyjemniej sp\u0119dza\u0107 czas z przyjaci\u00f3\u0142mi Zestawy LEGO Friends pozwalaj\u0105 maluchom odgrywa\u0107 role paczki przyjaci\u00f3\u0142ek i ich uroczych zwierz\u0105tek LEGO. Wszystkie zestawy LEGO zawieraj\u0105 broszury z przejrzystymi instrukcjami, a ten dodatkowo wykorzystuje te\u017c funkcj\u0119 Instructions PLUS. Dzi\u0119ki niej w aplikacji LEGO Life mo\u017cna powi\u0119ksza\u0107, obraca\u0107 i wizualizowa\u0107 powstaj\u0105cy model, co pomo\u017ce nawet m\u0142odszym dzieciom poczu\u0107 si\u0119 jak mistrzowie konstrukcji.<\/h2>\n<ul style=\"padding-left: 1.875rem;margin-top: 1.125rem;margin-bottom: 1.125rem;margin-left: 1.5625rem;color: #2c2c2c;font-family: 'Cera Pro', sans-serif;font-size: 16px\">\n<li style=\"list-style-type: disc;margin-bottom: 0.75rem;padding-bottom: 1.5625rem\"><\/li>\n<li style=\"list-style-type: disc;margin-bottom: 0.75rem;padding-bottom: 1.5625rem\"><\/li>\n<li style=\"list-style-type: disc;margin-bottom: 0.75rem;padding-bottom: 1.5625rem\">Ma\u0142y lodziarz mo\u017ce bawi\u0107 si\u0119 oboma pojazdami naraz lub osobno, poniewa\u017c w\u00f3zek z lodami mo\u017cna odczepi\u0107 od skutera LEGO\u00ae. Zabawkowe smako\u0142yki mo\u017cna miesza\u0107 w dowolny spos\u00f3b, by klient otrzyma\u0142 dok\u0142adnie taki smak, na jaki ma ochot\u0119.<\/li>\n<li style=\"list-style-type: disc;margin-bottom: 0.75rem;padding-bottom: 1.5625rem\">Doskona\u0142y prezent dla ch\u0142opc\u00f3w i dziewczynek w wieku od 6 lat, kt\u00f3rym nale\u017cy si\u0119 smakowity upominek. Instrukcje s\u0105 kr\u00f3tkie i \u0142atwe, wi\u0119c nawet zupe\u0142ni nowicjusze szybko poradz\u0105 sobie ze z\u0142o\u017ceniem tego ciekawego modelu.<\/li>\n<li style=\"list-style-type: disc;margin-bottom: 0.75rem;padding-bottom: 1.5625rem\"><\/li>\n<li style=\"list-style-type: disc;margin-bottom: 0.75rem;padding-bottom: 1.5625rem\"><\/li>\n<li style=\"list-style-type: disc;margin-bottom: 0.75rem;padding-bottom: 1.5625rem\">W Grupie LEGO testujemy klocki i elementy, by mie\u0107 pewno\u015b\u0107, \u017ce ka\u017cdy zestaw konstrukcyjny spe\u0142nia najwy\u017csze \u015bwiatowe standardy bezpiecze\u0144stwa i jako\u015bci.<\/li>\n<\/ul>\n<section style=\"font-size: 16px\">Do ka\u017cdego zestawu do\u0142\u0105czamy:<\/p>\n<p style=\"font-size: 16px\">Oryginaln\u0105 instrukcj\u0119 Lego\u00ae, dzi\u0119ki kt\u00f3rej rozpalimy wyobra\u017ani\u0119 dziecka i podsuniemy mu kilka pomys\u0142\u00f3w na wyj\u0105tkow\u0105 budowl\u0119!<\/p>\n<p><img decoding=\"async\" style=\"font-size: 16px\" src=\"https:\/\/go4robot.pl\/sklep\/wp-content\/uploads\/2020\/05\/instrukcja-lego-300x220.png\" alt=\"\" \/><\/p>\n<\/section>\n<section style=\"font-size: 16px\">\n<section style=\"font-size: 16px\">Masz pytanie?<br \/>\nSkontaktuj si\u0119 z nami\u00a0tel.\u00a0<a style=\"font-size: 22px\" href=\"tel:668 115 750\">668 115 750<\/a>\u00a0e-mail\u00a0<a style=\"font-size: 22px\" href=\"mailto:biuro@g4r.pl\">biuro@g4r.pl<\/a><\/section>\n<\/section>\n","protected":false},"excerpt":{"rendered":"<p>W upalny dzie\u0144 nic tak nie orze\u017awia jak zabawa zestawem LEGO\u00ae Friends W\u00f3zek z lodami (41389). Zestaw zawiera kulki lod\u00f3w, ro\u017cki i lody na patyku, kt\u00f3re mo\u017cna \u0142\u0105czy\u0107 ze sob\u0105 w dowolny spos\u00f3b. Dzieci mog\u0105 pom\u00f3c minilaleczce Stephanie z serii LEGO\u00ae Friends sprzedawa\u0107 jej mro\u017cone smako\u0142yki. Mog\u0105 te\u017c zabra\u0107 model ze sob\u0105 w dowolne miejsce, bo jest wystarczaj\u0105co niewielki, by zmie\u015bci\u0107 si\u0119 w torbie czy plecaku.<\/p>\n","protected":false},"featured_media":6065,"comment_status":"open","ping_status":"closed","template":"","meta":{"inline_featured_image":false},"product_cat":[293,297],"product_tag":[388,319,387,389],"acf":[],"yoast_head":"<!-- This site is optimized with the Yoast SEO plugin v19.10 - https:\/\/yoast.com\/wordpress\/plugins\/seo\/ -->\n<title>LEGO\u00ae Friends W\u00f3zek z lodami (41389) - Sklep GO4Robot<\/title>\n<meta name=\"robots\" content=\"index, follow, max-snippet:-1, max-image-preview:large, max-video-preview:-1\" \/>\n<link rel=\"canonical\" href=\"https:\/\/go4robot.pl\/sklep\/lego-friends-wozek-z-lodami\/\" \/>\n<meta property=\"og:locale\" content=\"pl_PL\" \/>\n<meta property=\"og:type\" content=\"article\" \/>\n<meta property=\"og:title\" content=\"LEGO\u00ae Friends W\u00f3zek z lodami (41389) - Sklep GO4Robot\" \/>\n<meta property=\"og:description\" content=\"W upalny dzie\u0144 nic tak nie orze\u017awia jak zabawa zestawem LEGO\u00ae Friends W\u00f3zek z lodami (41389). Zestaw zawiera kulki lod\u00f3w, ro\u017cki i lody na patyku, kt\u00f3re mo\u017cna \u0142\u0105czy\u0107 ze sob\u0105 w dowolny spos\u00f3b. Dzieci mog\u0105 pom\u00f3c minilaleczce Stephanie z serii LEGO\u00ae Friends sprzedawa\u0107 jej mro\u017cone smako\u0142yki. Mog\u0105 te\u017c zabra\u0107 model ze sob\u0105 w dowolne miejsce, bo jest wystarczaj\u0105co niewielki, by zmie\u015bci\u0107 si\u0119 w torbie czy plecaku.\" \/>\n<meta property=\"og:url\" content=\"https:\/\/go4robot.pl\/sklep\/lego-friends-wozek-z-lodami\/\" \/>\n<meta property=\"og:site_name\" content=\"Sklep GO4Robot\" \/>\n<meta property=\"article:modified_time\" content=\"2024-09-05T05:20:34+00:00\" \/>\n<meta property=\"og:image\" content=\"https:\/\/go4robot.pl\/sklep\/wp-content\/uploads\/LEGO-Friends-Wozek-z-lodami-41389-1.jpg\" \/>\n\t<meta property=\"og:image:width\" content=\"1472\" \/>\n\t<meta property=\"og:image:height\" content=\"1473\" \/>\n\t<meta property=\"og:image:type\" content=\"image\/jpeg\" \/>\n<meta name=\"twitter:card\" content=\"summary_large_image\" \/>\n<meta name=\"twitter:label1\" content=\"Szacowany czas czytania\" \/>\n\t<meta name=\"twitter:data1\" content=\"2 minuty\" \/>\n<script type=\"application\/ld+json\" class=\"yoast-schema-graph\">{\"@context\":\"https:\/\/schema.org\",\"@graph\":[{\"@type\":\"WebPage\",\"@id\":\"https:\/\/go4robot.pl\/sklep\/lego-friends-wozek-z-lodami\/\",\"url\":\"https:\/\/go4robot.pl\/sklep\/lego-friends-wozek-z-lodami\/\",\"name\":\"LEGO\u00ae Friends W\u00f3zek z lodami (41389) - Sklep GO4Robot\",\"isPartOf\":{\"@id\":\"https:\/\/go4robot.pl\/sklep\/#website\"},\"datePublished\":\"2020-11-19T17:30:25+00:00\",\"dateModified\":\"2024-09-05T05:20:34+00:00\",\"breadcrumb\":{\"@id\":\"https:\/\/go4robot.pl\/sklep\/lego-friends-wozek-z-lodami\/#breadcrumb\"},\"inLanguage\":\"pl-PL\",\"potentialAction\":[{\"@type\":\"ReadAction\",\"target\":[\"https:\/\/go4robot.pl\/sklep\/lego-friends-wozek-z-lodami\/\"]}]},{\"@type\":\"BreadcrumbList\",\"@id\":\"https:\/\/go4robot.pl\/sklep\/lego-friends-wozek-z-lodami\/#breadcrumb\",\"itemListElement\":[{\"@type\":\"ListItem\",\"position\":1,\"name\":\"Go4Robot\",\"item\":\"https:\/\/go4robot.pl\/sklep\/\"},{\"@type\":\"ListItem\",\"position\":2,\"name\":\"Produkty\",\"item\":\"https:\/\/go4robot.pl\/sklep\/\"},{\"@type\":\"ListItem\",\"position\":3,\"name\":\"LEGO\u00ae Friends W\u00f3zek z lodami (41389)\"}]},{\"@type\":\"WebSite\",\"@id\":\"https:\/\/go4robot.pl\/sklep\/#website\",\"url\":\"https:\/\/go4robot.pl\/sklep\/\",\"name\":\"Sklep GO4Robot\",\"description\":\"Robotyka dla dzieci\",\"publisher\":{\"@id\":\"https:\/\/go4robot.pl\/sklep\/#organization\"},\"potentialAction\":[{\"@type\":\"SearchAction\",\"target\":{\"@type\":\"EntryPoint\",\"urlTemplate\":\"https:\/\/go4robot.pl\/sklep\/?s={search_term_string}\"},\"query-input\":\"required name=search_term_string\"}],\"inLanguage\":\"pl-PL\"},{\"@type\":\"Organization\",\"@id\":\"https:\/\/go4robot.pl\/sklep\/#organization\",\"name\":\"Go4Robot\",\"url\":\"https:\/\/go4robot.pl\/sklep\/\",\"logo\":{\"@type\":\"ImageObject\",\"inLanguage\":\"pl-PL\",\"@id\":\"https:\/\/go4robot.pl\/sklep\/#\/schema\/logo\/image\/\",\"url\":\"https:\/\/go4robot.pl\/sklep\/wp-content\/uploads\/2021\/02\/go4robot-logo.svg\",\"contentUrl\":\"https:\/\/go4robot.pl\/sklep\/wp-content\/uploads\/2021\/02\/go4robot-logo.svg\",\"width\":400,\"height\":400,\"caption\":\"Go4Robot\"},\"image\":{\"@id\":\"https:\/\/go4robot.pl\/sklep\/#\/schema\/logo\/image\/\"}}]}<\/script>\n<!-- \/ Yoast SEO plugin. -->","yoast_head_json":{"title":"LEGO\u00ae Friends W\u00f3zek z lodami (41389) - Sklep GO4Robot","robots":{"index":"index","follow":"follow","max-snippet":"max-snippet:-1","max-image-preview":"max-image-preview:large","max-video-preview":"max-video-preview:-1"},"canonical":"https:\/\/go4robot.pl\/sklep\/lego-friends-wozek-z-lodami\/","og_locale":"pl_PL","og_type":"article","og_title":"LEGO\u00ae Friends W\u00f3zek z lodami (41389) - Sklep GO4Robot","og_description":"W upalny dzie\u0144 nic tak nie orze\u017awia jak zabawa zestawem LEGO\u00ae Friends W\u00f3zek z lodami (41389). Zestaw zawiera kulki lod\u00f3w, ro\u017cki i lody na patyku, kt\u00f3re mo\u017cna \u0142\u0105czy\u0107 ze sob\u0105 w dowolny spos\u00f3b. Dzieci mog\u0105 pom\u00f3c minilaleczce Stephanie z serii LEGO\u00ae Friends sprzedawa\u0107 jej mro\u017cone smako\u0142yki. Mog\u0105 te\u017c zabra\u0107 model ze sob\u0105 w dowolne miejsce, bo jest wystarczaj\u0105co niewielki, by zmie\u015bci\u0107 si\u0119 w torbie czy plecaku.","og_url":"https:\/\/go4robot.pl\/sklep\/lego-friends-wozek-z-lodami\/","og_site_name":"Sklep GO4Robot","article_modified_time":"2024-09-05T05:20:34+00:00","og_image":[{"width":1472,"height":1473,"url":"https:\/\/go4robot.pl\/sklep\/wp-content\/uploads\/LEGO-Friends-Wozek-z-lodami-41389-1.jpg","type":"image\/jpeg"}],"twitter_card":"summary_large_image","twitter_misc":{"Szacowany czas czytania":"2 minuty"},"schema":{"@context":"https:\/\/schema.org","@graph":[{"@type":"WebPage","@id":"https:\/\/go4robot.pl\/sklep\/lego-friends-wozek-z-lodami\/","url":"https:\/\/go4robot.pl\/sklep\/lego-friends-wozek-z-lodami\/","name":"LEGO\u00ae Friends W\u00f3zek z lodami (41389) - Sklep GO4Robot","isPartOf":{"@id":"https:\/\/go4robot.pl\/sklep\/#website"},"datePublished":"2020-11-19T17:30:25+00:00","dateModified":"2024-09-05T05:20:34+00:00","breadcrumb":{"@id":"https:\/\/go4robot.pl\/sklep\/lego-friends-wozek-z-lodami\/#breadcrumb"},"inLanguage":"pl-PL","potentialAction":[{"@type":"ReadAction","target":["https:\/\/go4robot.pl\/sklep\/lego-friends-wozek-z-lodami\/"]}]},{"@type":"BreadcrumbList","@id":"https:\/\/go4robot.pl\/sklep\/lego-friends-wozek-z-lodami\/#breadcrumb","itemListElement":[{"@type":"ListItem","position":1,"name":"Go4Robot","item":"https:\/\/go4robot.pl\/sklep\/"},{"@type":"ListItem","position":2,"name":"Produkty","item":"https:\/\/go4robot.pl\/sklep\/"},{"@type":"ListItem","position":3,"name":"LEGO\u00ae Friends W\u00f3zek z lodami (41389)"}]},{"@type":"WebSite","@id":"https:\/\/go4robot.pl\/sklep\/#website","url":"https:\/\/go4robot.pl\/sklep\/","name":"Sklep GO4Robot","description":"Robotyka dla dzieci","publisher":{"@id":"https:\/\/go4robot.pl\/sklep\/#organization"},"potentialAction":[{"@type":"SearchAction","target":{"@type":"EntryPoint","urlTemplate":"https:\/\/go4robot.pl\/sklep\/?s={search_term_string}"},"query-input":"required name=search_term_string"}],"inLanguage":"pl-PL"},{"@type":"Organization","@id":"https:\/\/go4robot.pl\/sklep\/#organization","name":"Go4Robot","url":"https:\/\/go4robot.pl\/sklep\/","logo":{"@type":"ImageObject","inLanguage":"pl-PL","@id":"https:\/\/go4robot.pl\/sklep\/#\/schema\/logo\/image\/","url":"https:\/\/go4robot.pl\/sklep\/wp-content\/uploads\/2021\/02\/go4robot-logo.svg","contentUrl":"https:\/\/go4robot.pl\/sklep\/wp-content\/uploads\/2021\/02\/go4robot-logo.svg","width":400,"height":400,"caption":"Go4Robot"},"image":{"@id":"https:\/\/go4robot.pl\/sklep\/#\/schema\/logo\/image\/"}}]}},"_links":{"self":[{"href":"https:\/\/go4robot.pl\/sklep\/wp-json\/wp\/v2\/product\/3701"}],"collection":[{"href":"https:\/\/go4robot.pl\/sklep\/wp-json\/wp\/v2\/product"}],"about":[{"href":"https:\/\/go4robot.pl\/sklep\/wp-json\/wp\/v2\/types\/product"}],"replies":[{"embeddable":true,"href":"https:\/\/go4robot.pl\/sklep\/wp-json\/wp\/v2\/comments?post=3701"}],"wp:featuredmedia":[{"embeddable":true,"href":"https:\/\/go4robot.pl\/sklep\/wp-json\/wp\/v2\/media\/6065"}],"wp:attachment":[{"href":"https:\/\/go4robot.pl\/sklep\/wp-json\/wp\/v2\/media?parent=3701"}],"wp:term":[{"taxonomy":"product_cat","embeddable":true,"href":"https:\/\/go4robot.pl\/sklep\/wp-json\/wp\/v2\/product_cat?post=3701"},{"taxonomy":"product_tag","embeddable":true,"href":"https:\/\/go4robot.pl\/sklep\/wp-json\/wp\/v2\/product_tag?post=3701"}],"curies":[{"name":"wp","href":"https:\/\/api.w.org\/{rel}","templated":true}]}}