{"id":2682,"date":"2020-07-29T10:00:06","date_gmt":"2020-07-29T09:00:06","guid":{"rendered":"https:\/\/go4robot.pl\/sklep\/?post_type=product&#038;p=2682"},"modified":"2025-07-01T12:22:16","modified_gmt":"2025-07-01T11:22:16","slug":"kurs-app-inventor-offline-poziom-podstawowy","status":"publish","type":"product","link":"https:\/\/go4robot.pl\/sklep\/kurs-app-inventor-offline-poziom-podstawowy\/","title":{"rendered":"Wied\u017amin - Stw\u00f3rz z nami swoj\u0105 w\u0142asn\u0105 gr\u0119 na Androida!"},"content":{"rendered":"<p>aa<\/p>\n","protected":false},"excerpt":{"rendered":"<p>Kurs sk\u0142ada si\u0119 z <strong>pi\u0119tnastu\u00a0kr\u00f3tkich lekcji<\/strong>, podczas kt\u00f3rych nauczymy Was tworzy\u0107 animacje. Ka\u017cdy film b\u0119dzie zawiera\u0142 <strong>kr\u00f3tk\u0105 histori\u0119 wprowadzaj\u0105c\u0105 do zaj\u0119\u0107<\/strong> oraz kilka zada\u0144 do wykonania. Filmy b\u0119dzie mo\u017cna odtworzy\u0107 w wybranym przez Pa\u0144stwa momencie oraz <strong>dopasowywa\u0107 je do swojego tempa pracy.<\/strong> Krok po kroku, z ka\u017cdym filmem b\u0119dziemy odkrywa\u0107 \u015bwiat programowania i tworzy\u0107 coraz bardziej skomplikowane historie.<\/p>\n","protected":false},"featured_media":5854,"comment_status":"open","ping_status":"closed","template":"","meta":{"inline_featured_image":false},"product_cat":[24,299],"product_tag":[167,38,34,168,98],"acf":[],"yoast_head":"<!-- This site is optimized with the Yoast SEO plugin v19.10 - https:\/\/yoast.com\/wordpress\/plugins\/seo\/ -->\n<title>Wied\u017amin - Stw\u00f3rz z nami swoj\u0105 w\u0142asn\u0105 gr\u0119 na Androida! Sklep GO4Robot<\/title>\n<meta name=\"description\" content=\"Kurs App Inventor sk\u0142ada si\u0119 z pi\u0119tnastu\u00a0kr\u00f3tkich lekcji, podczas kt\u00f3rych nauczymy Twoje dziecko tworzy\u0107 gr\u0119 i my\u015ble\u0107 jak programista \u2705\" \/>\n<meta name=\"robots\" content=\"index, follow, max-snippet:-1, max-image-preview:large, max-video-preview:-1\" \/>\n<link rel=\"canonical\" href=\"https:\/\/go4robot.pl\/sklep\/kurs-app-inventor-offline-poziom-podstawowy\/\" \/>\n<meta property=\"og:locale\" content=\"pl_PL\" \/>\n<meta property=\"og:type\" content=\"article\" \/>\n<meta property=\"og:title\" content=\"Wied\u017amin - Stw\u00f3rz z nami swoj\u0105 w\u0142asn\u0105 gr\u0119 na Androida! Sklep GO4Robot\" \/>\n<meta property=\"og:description\" content=\"Kurs App Inventor sk\u0142ada si\u0119 z pi\u0119tnastu\u00a0kr\u00f3tkich lekcji, podczas kt\u00f3rych nauczymy Twoje dziecko tworzy\u0107 gr\u0119 i my\u015ble\u0107 jak programista \u2705\" \/>\n<meta property=\"og:url\" content=\"https:\/\/go4robot.pl\/sklep\/kurs-app-inventor-offline-poziom-podstawowy\/\" \/>\n<meta property=\"og:site_name\" content=\"Sklep GO4Robot\" \/>\n<meta property=\"article:modified_time\" content=\"2025-07-01T11:22:16+00:00\" \/>\n<meta property=\"og:image\" content=\"https:\/\/go4robot.pl\/sklep\/wp-content\/uploads\/Kopia-Programowanie-gier-2D-offline.png\" \/>\n\t<meta property=\"og:image:width\" content=\"1080\" \/>\n\t<meta property=\"og:image:height\" content=\"1080\" \/>\n\t<meta property=\"og:image:type\" content=\"image\/png\" \/>\n<meta name=\"twitter:card\" content=\"summary_large_image\" \/>\n<meta name=\"twitter:label1\" content=\"Szacowany czas czytania\" \/>\n\t<meta name=\"twitter:data1\" content=\"1 minuta\" \/>\n<script type=\"application\/ld+json\" class=\"yoast-schema-graph\">{\"@context\":\"https:\/\/schema.org\",\"@graph\":[{\"@type\":\"WebPage\",\"@id\":\"https:\/\/go4robot.pl\/sklep\/kurs-app-inventor-offline-poziom-podstawowy\/\",\"url\":\"https:\/\/go4robot.pl\/sklep\/kurs-app-inventor-offline-poziom-podstawowy\/\",\"name\":\"Wied\u017amin - Stw\u00f3rz z nami swoj\u0105 w\u0142asn\u0105 gr\u0119 na Androida! Sklep GO4Robot\",\"isPartOf\":{\"@id\":\"https:\/\/go4robot.pl\/sklep\/#website\"},\"datePublished\":\"2020-07-29T09:00:06+00:00\",\"dateModified\":\"2025-07-01T11:22:16+00:00\",\"description\":\"Kurs App Inventor sk\u0142ada si\u0119 z pi\u0119tnastu\u00a0kr\u00f3tkich lekcji, podczas kt\u00f3rych nauczymy Twoje dziecko tworzy\u0107 gr\u0119 i my\u015ble\u0107 jak programista \u2705\",\"breadcrumb\":{\"@id\":\"https:\/\/go4robot.pl\/sklep\/kurs-app-inventor-offline-poziom-podstawowy\/#breadcrumb\"},\"inLanguage\":\"pl-PL\",\"potentialAction\":[{\"@type\":\"ReadAction\",\"target\":[\"https:\/\/go4robot.pl\/sklep\/kurs-app-inventor-offline-poziom-podstawowy\/\"]}]},{\"@type\":\"BreadcrumbList\",\"@id\":\"https:\/\/go4robot.pl\/sklep\/kurs-app-inventor-offline-poziom-podstawowy\/#breadcrumb\",\"itemListElement\":[{\"@type\":\"ListItem\",\"position\":1,\"name\":\"Go4Robot\",\"item\":\"https:\/\/go4robot.pl\/sklep\/\"},{\"@type\":\"ListItem\",\"position\":2,\"name\":\"Produkty\",\"item\":\"https:\/\/go4robot.pl\/sklep\/\"},{\"@type\":\"ListItem\",\"position\":3,\"name\":\"Wied\u017amin - Stw\u00f3rz z nami swoj\u0105 w\u0142asn\u0105 gr\u0119 na Androida!\"}]},{\"@type\":\"WebSite\",\"@id\":\"https:\/\/go4robot.pl\/sklep\/#website\",\"url\":\"https:\/\/go4robot.pl\/sklep\/\",\"name\":\"Sklep GO4Robot\",\"description\":\"Robotyka dla dzieci\",\"publisher\":{\"@id\":\"https:\/\/go4robot.pl\/sklep\/#organization\"},\"potentialAction\":[{\"@type\":\"SearchAction\",\"target\":{\"@type\":\"EntryPoint\",\"urlTemplate\":\"https:\/\/go4robot.pl\/sklep\/?s={search_term_string}\"},\"query-input\":\"required name=search_term_string\"}],\"inLanguage\":\"pl-PL\"},{\"@type\":\"Organization\",\"@id\":\"https:\/\/go4robot.pl\/sklep\/#organization\",\"name\":\"Go4Robot\",\"url\":\"https:\/\/go4robot.pl\/sklep\/\",\"logo\":{\"@type\":\"ImageObject\",\"inLanguage\":\"pl-PL\",\"@id\":\"https:\/\/go4robot.pl\/sklep\/#\/schema\/logo\/image\/\",\"url\":\"https:\/\/go4robot.pl\/sklep\/wp-content\/uploads\/2021\/02\/go4robot-logo.svg\",\"contentUrl\":\"https:\/\/go4robot.pl\/sklep\/wp-content\/uploads\/2021\/02\/go4robot-logo.svg\",\"width\":400,\"height\":400,\"caption\":\"Go4Robot\"},\"image\":{\"@id\":\"https:\/\/go4robot.pl\/sklep\/#\/schema\/logo\/image\/\"}}]}<\/script>\n<!-- \/ Yoast SEO plugin. -->","yoast_head_json":{"title":"Wied\u017amin - Stw\u00f3rz z nami swoj\u0105 w\u0142asn\u0105 gr\u0119 na Androida! Sklep GO4Robot","description":"Kurs App Inventor sk\u0142ada si\u0119 z pi\u0119tnastu\u00a0kr\u00f3tkich lekcji, podczas kt\u00f3rych nauczymy Twoje dziecko tworzy\u0107 gr\u0119 i my\u015ble\u0107 jak programista \u2705","robots":{"index":"index","follow":"follow","max-snippet":"max-snippet:-1","max-image-preview":"max-image-preview:large","max-video-preview":"max-video-preview:-1"},"canonical":"https:\/\/go4robot.pl\/sklep\/kurs-app-inventor-offline-poziom-podstawowy\/","og_locale":"pl_PL","og_type":"article","og_title":"Wied\u017amin - Stw\u00f3rz z nami swoj\u0105 w\u0142asn\u0105 gr\u0119 na Androida! Sklep GO4Robot","og_description":"Kurs App Inventor sk\u0142ada si\u0119 z pi\u0119tnastu\u00a0kr\u00f3tkich lekcji, podczas kt\u00f3rych nauczymy Twoje dziecko tworzy\u0107 gr\u0119 i my\u015ble\u0107 jak programista \u2705","og_url":"https:\/\/go4robot.pl\/sklep\/kurs-app-inventor-offline-poziom-podstawowy\/","og_site_name":"Sklep GO4Robot","article_modified_time":"2025-07-01T11:22:16+00:00","og_image":[{"width":1080,"height":1080,"url":"https:\/\/go4robot.pl\/sklep\/wp-content\/uploads\/Kopia-Programowanie-gier-2D-offline.png","type":"image\/png"}],"twitter_card":"summary_large_image","twitter_misc":{"Szacowany czas czytania":"1 minuta"},"schema":{"@context":"https:\/\/schema.org","@graph":[{"@type":"WebPage","@id":"https:\/\/go4robot.pl\/sklep\/kurs-app-inventor-offline-poziom-podstawowy\/","url":"https:\/\/go4robot.pl\/sklep\/kurs-app-inventor-offline-poziom-podstawowy\/","name":"Wied\u017amin - Stw\u00f3rz z nami swoj\u0105 w\u0142asn\u0105 gr\u0119 na Androida! Sklep GO4Robot","isPartOf":{"@id":"https:\/\/go4robot.pl\/sklep\/#website"},"datePublished":"2020-07-29T09:00:06+00:00","dateModified":"2025-07-01T11:22:16+00:00","description":"Kurs App Inventor sk\u0142ada si\u0119 z pi\u0119tnastu\u00a0kr\u00f3tkich lekcji, podczas kt\u00f3rych nauczymy Twoje dziecko tworzy\u0107 gr\u0119 i my\u015ble\u0107 jak programista \u2705","breadcrumb":{"@id":"https:\/\/go4robot.pl\/sklep\/kurs-app-inventor-offline-poziom-podstawowy\/#breadcrumb"},"inLanguage":"pl-PL","potentialAction":[{"@type":"ReadAction","target":["https:\/\/go4robot.pl\/sklep\/kurs-app-inventor-offline-poziom-podstawowy\/"]}]},{"@type":"BreadcrumbList","@id":"https:\/\/go4robot.pl\/sklep\/kurs-app-inventor-offline-poziom-podstawowy\/#breadcrumb","itemListElement":[{"@type":"ListItem","position":1,"name":"Go4Robot","item":"https:\/\/go4robot.pl\/sklep\/"},{"@type":"ListItem","position":2,"name":"Produkty","item":"https:\/\/go4robot.pl\/sklep\/"},{"@type":"ListItem","position":3,"name":"Wied\u017amin - Stw\u00f3rz z nami swoj\u0105 w\u0142asn\u0105 gr\u0119 na Androida!"}]},{"@type":"WebSite","@id":"https:\/\/go4robot.pl\/sklep\/#website","url":"https:\/\/go4robot.pl\/sklep\/","name":"Sklep GO4Robot","description":"Robotyka dla dzieci","publisher":{"@id":"https:\/\/go4robot.pl\/sklep\/#organization"},"potentialAction":[{"@type":"SearchAction","target":{"@type":"EntryPoint","urlTemplate":"https:\/\/go4robot.pl\/sklep\/?s={search_term_string}"},"query-input":"required name=search_term_string"}],"inLanguage":"pl-PL"},{"@type":"Organization","@id":"https:\/\/go4robot.pl\/sklep\/#organization","name":"Go4Robot","url":"https:\/\/go4robot.pl\/sklep\/","logo":{"@type":"ImageObject","inLanguage":"pl-PL","@id":"https:\/\/go4robot.pl\/sklep\/#\/schema\/logo\/image\/","url":"https:\/\/go4robot.pl\/sklep\/wp-content\/uploads\/2021\/02\/go4robot-logo.svg","contentUrl":"https:\/\/go4robot.pl\/sklep\/wp-content\/uploads\/2021\/02\/go4robot-logo.svg","width":400,"height":400,"caption":"Go4Robot"},"image":{"@id":"https:\/\/go4robot.pl\/sklep\/#\/schema\/logo\/image\/"}}]}},"_links":{"self":[{"href":"https:\/\/go4robot.pl\/sklep\/wp-json\/wp\/v2\/product\/2682"}],"collection":[{"href":"https:\/\/go4robot.pl\/sklep\/wp-json\/wp\/v2\/product"}],"about":[{"href":"https:\/\/go4robot.pl\/sklep\/wp-json\/wp\/v2\/types\/product"}],"replies":[{"embeddable":true,"href":"https:\/\/go4robot.pl\/sklep\/wp-json\/wp\/v2\/comments?post=2682"}],"wp:featuredmedia":[{"embeddable":true,"href":"https:\/\/go4robot.pl\/sklep\/wp-json\/wp\/v2\/media\/5854"}],"wp:attachment":[{"href":"https:\/\/go4robot.pl\/sklep\/wp-json\/wp\/v2\/media?parent=2682"}],"wp:term":[{"taxonomy":"product_cat","embeddable":true,"href":"https:\/\/go4robot.pl\/sklep\/wp-json\/wp\/v2\/product_cat?post=2682"},{"taxonomy":"product_tag","embeddable":true,"href":"https:\/\/go4robot.pl\/sklep\/wp-json\/wp\/v2\/product_tag?post=2682"}],"curies":[{"name":"wp","href":"https:\/\/api.w.org\/{rel}","templated":true}]}}