{"id":2659,"date":"2020-07-28T09:25:59","date_gmt":"2020-07-28T08:25:59","guid":{"rendered":"https:\/\/go4robot.pl\/sklep\/?post_type=product&#038;p=2659"},"modified":"2026-01-28T09:30:52","modified_gmt":"2026-01-28T08:30:52","slug":"stworz-z-nami-wlasne-animacje","status":"publish","type":"product","link":"https:\/\/go4robot.pl\/sklep\/stworz-z-nami-wlasne-animacje\/","title":{"rendered":"Scratch Online - Stw\u00f3rz z nami w\u0142asne animacje"},"content":{"rendered":"<h3 style=\"text-align: center;\">a<\/h3>\n<p>&nbsp;<\/p>\n<p>&nbsp;<\/p>\n<p>&nbsp;<\/p>\n<p>&nbsp;<\/p>\n<p>&nbsp;<\/p>\n<p dir=\"ltr\" style=\"text-align: center;\">\n","protected":false},"excerpt":{"rendered":"<p>Kurs programowania oparty na Scratch'u 3.0. W \u0142atwy i przyjemny spos\u00f3b wprowadzimy Was do \u015bwiata programowania. Ka\u017cd\u0105 lekcje poprzedza kr\u00f3tkie wprowadzenie tekstowe, aby odpowiednio nakre\u015bli\u0107 z czym mamy do czynienia. Nast\u0119pnie nale\u017cy wykona\u0107 par\u0119 zada\u0144, aby utrwali\u0107 swoj\u0105 wiedz\u0119. Nauka jeszcze nigdy nie by\u0142a taka przyjemna. Nie wierzycie? Sprawd\u017acie sami!<\/p>\n<p>Filmy b\u0119dzie mo\u017cna odtworzy\u0107 w wybranym przez Pa\u0144stwa momencie oraz\u00a0<strong>dopasowywa\u0107 je do swojego tempa pracy.<\/strong>\u00a0Krok po kroku, z ka\u017cdym filmem b\u0119dziemy odkrywa\u0107 \u015bwiat programowania i przeprowadza\u0107 posta\u0107 przez ruchliw\u0105 drog\u0119.<\/p>\n","protected":false},"featured_media":5866,"comment_status":"open","ping_status":"closed","template":"","meta":{"inline_featured_image":false},"product_cat":[24,301],"product_tag":[38,33,34,98,36],"acf":[],"yoast_head":"<!-- This site is optimized with the Yoast SEO plugin v19.10 - https:\/\/yoast.com\/wordpress\/plugins\/seo\/ -->\n<title>Scratch Online - kurs programowania animacji dla dzieci - Sklep GO4Robot<\/title>\n<meta name=\"description\" content=\"Kurs sk\u0142ada si\u0119 z czternastu kr\u00f3tkich lekcji, podczas kt\u00f3rych nauczymy Twoje dziecko tworzy\u0107 animacje \u2705 Zapraszamy do wsp\u00f3lnej przygody!\" \/>\n<meta name=\"robots\" content=\"index, follow, max-snippet:-1, max-image-preview:large, max-video-preview:-1\" \/>\n<link rel=\"canonical\" href=\"https:\/\/go4robot.pl\/sklep\/stworz-z-nami-wlasne-animacje\/\" \/>\n<meta property=\"og:locale\" content=\"pl_PL\" \/>\n<meta property=\"og:type\" content=\"article\" \/>\n<meta property=\"og:title\" content=\"Scratch Online - kurs programowania animacji dla dzieci - Sklep GO4Robot\" \/>\n<meta property=\"og:description\" content=\"Kurs sk\u0142ada si\u0119 z czternastu kr\u00f3tkich lekcji, podczas kt\u00f3rych nauczymy Twoje dziecko tworzy\u0107 animacje \u2705 Zapraszamy do wsp\u00f3lnej przygody!\" \/>\n<meta property=\"og:url\" content=\"https:\/\/go4robot.pl\/sklep\/stworz-z-nami-wlasne-animacje\/\" \/>\n<meta property=\"og:site_name\" content=\"Sklep GO4Robot\" \/>\n<meta property=\"article:modified_time\" content=\"2026-01-28T08:30:52+00:00\" \/>\n<meta property=\"og:image\" content=\"https:\/\/go4robot.pl\/sklep\/wp-content\/uploads\/10-1.png\" \/>\n\t<meta property=\"og:image:width\" content=\"1080\" \/>\n\t<meta property=\"og:image:height\" content=\"1080\" \/>\n\t<meta property=\"og:image:type\" content=\"image\/png\" \/>\n<meta name=\"twitter:card\" content=\"summary_large_image\" \/>\n<meta name=\"twitter:label1\" content=\"Szacowany czas czytania\" \/>\n\t<meta name=\"twitter:data1\" content=\"1 minuta\" \/>\n<script type=\"application\/ld+json\" class=\"yoast-schema-graph\">{\"@context\":\"https:\/\/schema.org\",\"@graph\":[{\"@type\":\"WebPage\",\"@id\":\"https:\/\/go4robot.pl\/sklep\/stworz-z-nami-wlasne-animacje\/\",\"url\":\"https:\/\/go4robot.pl\/sklep\/stworz-z-nami-wlasne-animacje\/\",\"name\":\"Scratch Online - kurs programowania animacji dla dzieci - Sklep GO4Robot\",\"isPartOf\":{\"@id\":\"https:\/\/go4robot.pl\/sklep\/#website\"},\"datePublished\":\"2020-07-28T08:25:59+00:00\",\"dateModified\":\"2026-01-28T08:30:52+00:00\",\"description\":\"Kurs sk\u0142ada si\u0119 z czternastu kr\u00f3tkich lekcji, podczas kt\u00f3rych nauczymy Twoje dziecko tworzy\u0107 animacje \u2705 Zapraszamy do wsp\u00f3lnej przygody!\",\"breadcrumb\":{\"@id\":\"https:\/\/go4robot.pl\/sklep\/stworz-z-nami-wlasne-animacje\/#breadcrumb\"},\"inLanguage\":\"pl-PL\",\"potentialAction\":[{\"@type\":\"ReadAction\",\"target\":[\"https:\/\/go4robot.pl\/sklep\/stworz-z-nami-wlasne-animacje\/\"]}]},{\"@type\":\"BreadcrumbList\",\"@id\":\"https:\/\/go4robot.pl\/sklep\/stworz-z-nami-wlasne-animacje\/#breadcrumb\",\"itemListElement\":[{\"@type\":\"ListItem\",\"position\":1,\"name\":\"Go4Robot\",\"item\":\"https:\/\/go4robot.pl\/sklep\/\"},{\"@type\":\"ListItem\",\"position\":2,\"name\":\"Produkty\",\"item\":\"https:\/\/go4robot.pl\/sklep\/\"},{\"@type\":\"ListItem\",\"position\":3,\"name\":\"Scratch Online - Stw\u00f3rz z nami w\u0142asne animacje\"}]},{\"@type\":\"WebSite\",\"@id\":\"https:\/\/go4robot.pl\/sklep\/#website\",\"url\":\"https:\/\/go4robot.pl\/sklep\/\",\"name\":\"Sklep GO4Robot\",\"description\":\"Robotyka dla dzieci\",\"publisher\":{\"@id\":\"https:\/\/go4robot.pl\/sklep\/#organization\"},\"potentialAction\":[{\"@type\":\"SearchAction\",\"target\":{\"@type\":\"EntryPoint\",\"urlTemplate\":\"https:\/\/go4robot.pl\/sklep\/?s={search_term_string}\"},\"query-input\":\"required name=search_term_string\"}],\"inLanguage\":\"pl-PL\"},{\"@type\":\"Organization\",\"@id\":\"https:\/\/go4robot.pl\/sklep\/#organization\",\"name\":\"Go4Robot\",\"url\":\"https:\/\/go4robot.pl\/sklep\/\",\"logo\":{\"@type\":\"ImageObject\",\"inLanguage\":\"pl-PL\",\"@id\":\"https:\/\/go4robot.pl\/sklep\/#\/schema\/logo\/image\/\",\"url\":\"https:\/\/go4robot.pl\/sklep\/wp-content\/uploads\/2021\/02\/go4robot-logo.svg\",\"contentUrl\":\"https:\/\/go4robot.pl\/sklep\/wp-content\/uploads\/2021\/02\/go4robot-logo.svg\",\"width\":400,\"height\":400,\"caption\":\"Go4Robot\"},\"image\":{\"@id\":\"https:\/\/go4robot.pl\/sklep\/#\/schema\/logo\/image\/\"}}]}<\/script>\n<!-- \/ Yoast SEO plugin. -->","yoast_head_json":{"title":"Scratch Online - kurs programowania animacji dla dzieci - Sklep GO4Robot","description":"Kurs sk\u0142ada si\u0119 z czternastu kr\u00f3tkich lekcji, podczas kt\u00f3rych nauczymy Twoje dziecko tworzy\u0107 animacje \u2705 Zapraszamy do wsp\u00f3lnej przygody!","robots":{"index":"index","follow":"follow","max-snippet":"max-snippet:-1","max-image-preview":"max-image-preview:large","max-video-preview":"max-video-preview:-1"},"canonical":"https:\/\/go4robot.pl\/sklep\/stworz-z-nami-wlasne-animacje\/","og_locale":"pl_PL","og_type":"article","og_title":"Scratch Online - kurs programowania animacji dla dzieci - Sklep GO4Robot","og_description":"Kurs sk\u0142ada si\u0119 z czternastu kr\u00f3tkich lekcji, podczas kt\u00f3rych nauczymy Twoje dziecko tworzy\u0107 animacje \u2705 Zapraszamy do wsp\u00f3lnej przygody!","og_url":"https:\/\/go4robot.pl\/sklep\/stworz-z-nami-wlasne-animacje\/","og_site_name":"Sklep GO4Robot","article_modified_time":"2026-01-28T08:30:52+00:00","og_image":[{"width":1080,"height":1080,"url":"https:\/\/go4robot.pl\/sklep\/wp-content\/uploads\/10-1.png","type":"image\/png"}],"twitter_card":"summary_large_image","twitter_misc":{"Szacowany czas czytania":"1 minuta"},"schema":{"@context":"https:\/\/schema.org","@graph":[{"@type":"WebPage","@id":"https:\/\/go4robot.pl\/sklep\/stworz-z-nami-wlasne-animacje\/","url":"https:\/\/go4robot.pl\/sklep\/stworz-z-nami-wlasne-animacje\/","name":"Scratch Online - kurs programowania animacji dla dzieci - Sklep GO4Robot","isPartOf":{"@id":"https:\/\/go4robot.pl\/sklep\/#website"},"datePublished":"2020-07-28T08:25:59+00:00","dateModified":"2026-01-28T08:30:52+00:00","description":"Kurs sk\u0142ada si\u0119 z czternastu kr\u00f3tkich lekcji, podczas kt\u00f3rych nauczymy Twoje dziecko tworzy\u0107 animacje \u2705 Zapraszamy do wsp\u00f3lnej przygody!","breadcrumb":{"@id":"https:\/\/go4robot.pl\/sklep\/stworz-z-nami-wlasne-animacje\/#breadcrumb"},"inLanguage":"pl-PL","potentialAction":[{"@type":"ReadAction","target":["https:\/\/go4robot.pl\/sklep\/stworz-z-nami-wlasne-animacje\/"]}]},{"@type":"BreadcrumbList","@id":"https:\/\/go4robot.pl\/sklep\/stworz-z-nami-wlasne-animacje\/#breadcrumb","itemListElement":[{"@type":"ListItem","position":1,"name":"Go4Robot","item":"https:\/\/go4robot.pl\/sklep\/"},{"@type":"ListItem","position":2,"name":"Produkty","item":"https:\/\/go4robot.pl\/sklep\/"},{"@type":"ListItem","position":3,"name":"Scratch Online - Stw\u00f3rz z nami w\u0142asne animacje"}]},{"@type":"WebSite","@id":"https:\/\/go4robot.pl\/sklep\/#website","url":"https:\/\/go4robot.pl\/sklep\/","name":"Sklep GO4Robot","description":"Robotyka dla dzieci","publisher":{"@id":"https:\/\/go4robot.pl\/sklep\/#organization"},"potentialAction":[{"@type":"SearchAction","target":{"@type":"EntryPoint","urlTemplate":"https:\/\/go4robot.pl\/sklep\/?s={search_term_string}"},"query-input":"required name=search_term_string"}],"inLanguage":"pl-PL"},{"@type":"Organization","@id":"https:\/\/go4robot.pl\/sklep\/#organization","name":"Go4Robot","url":"https:\/\/go4robot.pl\/sklep\/","logo":{"@type":"ImageObject","inLanguage":"pl-PL","@id":"https:\/\/go4robot.pl\/sklep\/#\/schema\/logo\/image\/","url":"https:\/\/go4robot.pl\/sklep\/wp-content\/uploads\/2021\/02\/go4robot-logo.svg","contentUrl":"https:\/\/go4robot.pl\/sklep\/wp-content\/uploads\/2021\/02\/go4robot-logo.svg","width":400,"height":400,"caption":"Go4Robot"},"image":{"@id":"https:\/\/go4robot.pl\/sklep\/#\/schema\/logo\/image\/"}}]}},"_links":{"self":[{"href":"https:\/\/go4robot.pl\/sklep\/wp-json\/wp\/v2\/product\/2659"}],"collection":[{"href":"https:\/\/go4robot.pl\/sklep\/wp-json\/wp\/v2\/product"}],"about":[{"href":"https:\/\/go4robot.pl\/sklep\/wp-json\/wp\/v2\/types\/product"}],"replies":[{"embeddable":true,"href":"https:\/\/go4robot.pl\/sklep\/wp-json\/wp\/v2\/comments?post=2659"}],"wp:featuredmedia":[{"embeddable":true,"href":"https:\/\/go4robot.pl\/sklep\/wp-json\/wp\/v2\/media\/5866"}],"wp:attachment":[{"href":"https:\/\/go4robot.pl\/sklep\/wp-json\/wp\/v2\/media?parent=2659"}],"wp:term":[{"taxonomy":"product_cat","embeddable":true,"href":"https:\/\/go4robot.pl\/sklep\/wp-json\/wp\/v2\/product_cat?post=2659"},{"taxonomy":"product_tag","embeddable":true,"href":"https:\/\/go4robot.pl\/sklep\/wp-json\/wp\/v2\/product_tag?post=2659"}],"curies":[{"name":"wp","href":"https:\/\/api.w.org\/{rel}","templated":true}]}}