{"id":5345,"date":"2021-04-23T11:25:59","date_gmt":"2021-04-23T11:25:59","guid":{"rendered":"https:\/\/go4robot.pl\/sklep\/?page_id=5345"},"modified":"2022-08-22T15:23:26","modified_gmt":"2022-08-22T14:23:26","slug":"polityka-zwrotow","status":"publish","type":"page","link":"https:\/\/go4robot.pl\/sklep\/polityka-zwrotow\/","title":{"rendered":"Polityka zwrot\u00f3w"},"content":{"rendered":"\n<h2>Zwroty za p\u00f3\u0142kolonie<\/h2>\n\n\n\n<p>-Na 2 tygodnie przed rozpocz\u0119ciem turnusu zwracamy 100% koszt\u00f3w<\/p>\n\n\n\n<p>-Od 2 tygodni do dnia startu kwot\u0119 zwrotu pomniejszamy o 100 z\u0142 z uwagi na poniesione koszty przygotowanie turnusu<\/p>\n\n\n\n<p>-Od dnia rozpocz\u0119cia do dnia zako\u0144czenia zwracamy kwot\u0119 cz\u0119\u015bciow\u0105. Wyliczamy j\u0105 wed\u0142ug wzoru<\/p>\n\n\n\n<p>(Zap\u0142acona kwota \u2013 100 z\u0142) \/5 dni * (5- X dni pobytu) = kwota zwrotu . Czyli je\u015bli zap\u0142\u0105cili pa\u0144stwo 730 z\u0142, a dziecko by\u0142o 2 dni na p\u00f3\u0142kolonii, to zwracamy (730 -100)\/5 *(5-2) = 378 z\u0142<\/p>\n\n\n\n<h2>Zwroty kursy offline VOD<\/h2>\n\n\n\n<p>W przypadku zakupu dost\u0119pu do kursu w systemie VOD( nagrane filmiki i gotowe prace) nie przewidujemy zwrotu kosztu. Zapobiega to wykorzystaniu platformy do szybkiego skopiowania naszego know-how. Tak samo jak Netflix pobiera z g\u00f3ry op\u0142at\u0119 za dost\u0119p. Oczywi\u015bcie je\u015bli pa\u0144stwo uzasadni\u0105, \u017ce kurs nie jest tym, co zosta\u0142o kupione, to rozwa\u017cymy reklamacj\u0119.<\/p>\n\n\n\n<p>Prawo odst\u0105pienia od umowy zawartej poza lokalem przedsi\u0119biorstwa lub na odleg\u0142o\u015b\u0107 nie przys\u0142uguje konsumentowi w odniesieniu do um\u00f3w:<\/p>\n\n\n\n<p>1 o \u015bwiadczenie us\u0142ug, je\u017celi przedsi\u0119biorca wykona\u0142 w pe\u0142ni us\u0142ug\u0119 za wyra\u017an\u0105 zgod\u0105 konsumenta, kt\u00f3ry zosta\u0142 poinformowany przed rozpocz\u0119ciem \u015bwiadczenia, \u017ce po spe\u0142nieniu \u015bwiadczenia przez przedsi\u0119biorc\u0119 utraci prawo odst\u0105pienia od umowy;<\/p>\n\n\n\n<p>2 o dostarczanie tre\u015bci cyfrowych, kt\u00f3re nie s\u0105 zapisane na no\u015bniku materialnym, je\u017celi spe\u0142nianie \u015bwiadczenia rozpocz\u0119\u0142o si\u0119 za wyra\u017an\u0105 zgod\u0105 konsumenta przed up\u0142ywem terminu do odst\u0105pienia od umowy i po poinformowaniu go przez przedsi\u0119biorc\u0119 o utracie prawa odst\u0105pienia od umowy.<\/p>\n","protected":false},"excerpt":{"rendered":"<p>Zwroty za p\u00f3\u0142kolonie -Na 2 tygodnie przed rozpocz\u0119ciem turnusu zwracamy 100% koszt\u00f3w -Od 2 tygodni do dnia startu kwot\u0119 zwrotu pomniejszamy o 100 z\u0142 z uwagi na poniesione koszty przygotowanie turnusu -Od dnia rozpocz\u0119cia do dnia zako\u0144czenia zwracamy kwot\u0119 cz\u0119\u015bciow\u0105. Wyliczamy j\u0105 wed\u0142ug wzoru (Zap\u0142acona kwota \u2013 100 z\u0142) \/5 dni * (5- X dni [&hellip;]<\/p>\n","protected":false},"author":1,"featured_media":0,"parent":0,"menu_order":0,"comment_status":"closed","ping_status":"closed","template":"","meta":{"inline_featured_image":false},"acf":[],"yoast_head":"<!-- This site is optimized with the Yoast SEO plugin v19.10 - https:\/\/yoast.com\/wordpress\/plugins\/seo\/ -->\n<title>Polityka zwrot\u00f3w - Sklep GO4Robot<\/title>\n<meta name=\"robots\" content=\"noindex, follow\" \/>\n<meta property=\"og:locale\" content=\"pl_PL\" \/>\n<meta property=\"og:type\" content=\"article\" \/>\n<meta property=\"og:title\" content=\"Polityka zwrot\u00f3w - Sklep GO4Robot\" \/>\n<meta property=\"og:description\" content=\"Zwroty za p\u00f3\u0142kolonie -Na 2 tygodnie przed rozpocz\u0119ciem turnusu zwracamy 100% koszt\u00f3w -Od 2 tygodni do dnia startu kwot\u0119 zwrotu pomniejszamy o 100 z\u0142 z uwagi na poniesione koszty przygotowanie turnusu -Od dnia rozpocz\u0119cia do dnia zako\u0144czenia zwracamy kwot\u0119 cz\u0119\u015bciow\u0105. Wyliczamy j\u0105 wed\u0142ug wzoru (Zap\u0142acona kwota \u2013 100 z\u0142) \/5 dni * (5- X dni [&hellip;]\" \/>\n<meta property=\"og:url\" content=\"https:\/\/go4robot.pl\/sklep\/polityka-zwrotow\/\" \/>\n<meta property=\"og:site_name\" content=\"Sklep GO4Robot\" \/>\n<meta property=\"article:modified_time\" content=\"2022-08-22T14:23:26+00:00\" \/>\n<meta name=\"twitter:card\" content=\"summary_large_image\" \/>\n<meta name=\"twitter:label1\" content=\"Szacowany czas czytania\" \/>\n\t<meta name=\"twitter:data1\" content=\"1 minuta\" \/>\n<script type=\"application\/ld+json\" class=\"yoast-schema-graph\">{\"@context\":\"https:\/\/schema.org\",\"@graph\":[{\"@type\":\"WebPage\",\"@id\":\"https:\/\/go4robot.pl\/sklep\/polityka-zwrotow\/\",\"url\":\"https:\/\/go4robot.pl\/sklep\/polityka-zwrotow\/\",\"name\":\"Polityka zwrot\u00f3w - Sklep GO4Robot\",\"isPartOf\":{\"@id\":\"https:\/\/go4robot.pl\/sklep\/#website\"},\"datePublished\":\"2021-04-23T11:25:59+00:00\",\"dateModified\":\"2022-08-22T14:23:26+00:00\",\"breadcrumb\":{\"@id\":\"https:\/\/go4robot.pl\/sklep\/polityka-zwrotow\/#breadcrumb\"},\"inLanguage\":\"pl-PL\",\"potentialAction\":[{\"@type\":\"ReadAction\",\"target\":[\"https:\/\/go4robot.pl\/sklep\/polityka-zwrotow\/\"]}]},{\"@type\":\"BreadcrumbList\",\"@id\":\"https:\/\/go4robot.pl\/sklep\/polityka-zwrotow\/#breadcrumb\",\"itemListElement\":[{\"@type\":\"ListItem\",\"position\":1,\"name\":\"Go4Robot\",\"item\":\"https:\/\/go4robot.pl\/sklep\/\"},{\"@type\":\"ListItem\",\"position\":2,\"name\":\"Polityka zwrot\u00f3w\"}]},{\"@type\":\"WebSite\",\"@id\":\"https:\/\/go4robot.pl\/sklep\/#website\",\"url\":\"https:\/\/go4robot.pl\/sklep\/\",\"name\":\"Sklep GO4Robot\",\"description\":\"Robotyka dla dzieci\",\"publisher\":{\"@id\":\"https:\/\/go4robot.pl\/sklep\/#organization\"},\"potentialAction\":[{\"@type\":\"SearchAction\",\"target\":{\"@type\":\"EntryPoint\",\"urlTemplate\":\"https:\/\/go4robot.pl\/sklep\/?s={search_term_string}\"},\"query-input\":\"required name=search_term_string\"}],\"inLanguage\":\"pl-PL\"},{\"@type\":\"Organization\",\"@id\":\"https:\/\/go4robot.pl\/sklep\/#organization\",\"name\":\"Go4Robot\",\"url\":\"https:\/\/go4robot.pl\/sklep\/\",\"logo\":{\"@type\":\"ImageObject\",\"inLanguage\":\"pl-PL\",\"@id\":\"https:\/\/go4robot.pl\/sklep\/#\/schema\/logo\/image\/\",\"url\":\"https:\/\/go4robot.pl\/sklep\/wp-content\/uploads\/2021\/02\/go4robot-logo.svg\",\"contentUrl\":\"https:\/\/go4robot.pl\/sklep\/wp-content\/uploads\/2021\/02\/go4robot-logo.svg\",\"width\":400,\"height\":400,\"caption\":\"Go4Robot\"},\"image\":{\"@id\":\"https:\/\/go4robot.pl\/sklep\/#\/schema\/logo\/image\/\"}}]}<\/script>\n<!-- \/ Yoast SEO plugin. -->","yoast_head_json":{"title":"Polityka zwrot\u00f3w - Sklep GO4Robot","robots":{"index":"noindex","follow":"follow"},"og_locale":"pl_PL","og_type":"article","og_title":"Polityka zwrot\u00f3w - Sklep GO4Robot","og_description":"Zwroty za p\u00f3\u0142kolonie -Na 2 tygodnie przed rozpocz\u0119ciem turnusu zwracamy 100% koszt\u00f3w -Od 2 tygodni do dnia startu kwot\u0119 zwrotu pomniejszamy o 100 z\u0142 z uwagi na poniesione koszty przygotowanie turnusu -Od dnia rozpocz\u0119cia do dnia zako\u0144czenia zwracamy kwot\u0119 cz\u0119\u015bciow\u0105. Wyliczamy j\u0105 wed\u0142ug wzoru (Zap\u0142acona kwota \u2013 100 z\u0142) \/5 dni * (5- X dni [&hellip;]","og_url":"https:\/\/go4robot.pl\/sklep\/polityka-zwrotow\/","og_site_name":"Sklep GO4Robot","article_modified_time":"2022-08-22T14:23:26+00:00","twitter_card":"summary_large_image","twitter_misc":{"Szacowany czas czytania":"1 minuta"},"schema":{"@context":"https:\/\/schema.org","@graph":[{"@type":"WebPage","@id":"https:\/\/go4robot.pl\/sklep\/polityka-zwrotow\/","url":"https:\/\/go4robot.pl\/sklep\/polityka-zwrotow\/","name":"Polityka zwrot\u00f3w - Sklep GO4Robot","isPartOf":{"@id":"https:\/\/go4robot.pl\/sklep\/#website"},"datePublished":"2021-04-23T11:25:59+00:00","dateModified":"2022-08-22T14:23:26+00:00","breadcrumb":{"@id":"https:\/\/go4robot.pl\/sklep\/polityka-zwrotow\/#breadcrumb"},"inLanguage":"pl-PL","potentialAction":[{"@type":"ReadAction","target":["https:\/\/go4robot.pl\/sklep\/polityka-zwrotow\/"]}]},{"@type":"BreadcrumbList","@id":"https:\/\/go4robot.pl\/sklep\/polityka-zwrotow\/#breadcrumb","itemListElement":[{"@type":"ListItem","position":1,"name":"Go4Robot","item":"https:\/\/go4robot.pl\/sklep\/"},{"@type":"ListItem","position":2,"name":"Polityka zwrot\u00f3w"}]},{"@type":"WebSite","@id":"https:\/\/go4robot.pl\/sklep\/#website","url":"https:\/\/go4robot.pl\/sklep\/","name":"Sklep GO4Robot","description":"Robotyka dla dzieci","publisher":{"@id":"https:\/\/go4robot.pl\/sklep\/#organization"},"potentialAction":[{"@type":"SearchAction","target":{"@type":"EntryPoint","urlTemplate":"https:\/\/go4robot.pl\/sklep\/?s={search_term_string}"},"query-input":"required name=search_term_string"}],"inLanguage":"pl-PL"},{"@type":"Organization","@id":"https:\/\/go4robot.pl\/sklep\/#organization","name":"Go4Robot","url":"https:\/\/go4robot.pl\/sklep\/","logo":{"@type":"ImageObject","inLanguage":"pl-PL","@id":"https:\/\/go4robot.pl\/sklep\/#\/schema\/logo\/image\/","url":"https:\/\/go4robot.pl\/sklep\/wp-content\/uploads\/2021\/02\/go4robot-logo.svg","contentUrl":"https:\/\/go4robot.pl\/sklep\/wp-content\/uploads\/2021\/02\/go4robot-logo.svg","width":400,"height":400,"caption":"Go4Robot"},"image":{"@id":"https:\/\/go4robot.pl\/sklep\/#\/schema\/logo\/image\/"}}]}},"_links":{"self":[{"href":"https:\/\/go4robot.pl\/sklep\/wp-json\/wp\/v2\/pages\/5345"}],"collection":[{"href":"https:\/\/go4robot.pl\/sklep\/wp-json\/wp\/v2\/pages"}],"about":[{"href":"https:\/\/go4robot.pl\/sklep\/wp-json\/wp\/v2\/types\/page"}],"author":[{"embeddable":true,"href":"https:\/\/go4robot.pl\/sklep\/wp-json\/wp\/v2\/users\/1"}],"replies":[{"embeddable":true,"href":"https:\/\/go4robot.pl\/sklep\/wp-json\/wp\/v2\/comments?post=5345"}],"version-history":[{"count":1,"href":"https:\/\/go4robot.pl\/sklep\/wp-json\/wp\/v2\/pages\/5345\/revisions"}],"predecessor-version":[{"id":6371,"href":"https:\/\/go4robot.pl\/sklep\/wp-json\/wp\/v2\/pages\/5345\/revisions\/6371"}],"wp:attachment":[{"href":"https:\/\/go4robot.pl\/sklep\/wp-json\/wp\/v2\/media?parent=5345"}],"curies":[{"name":"wp","href":"https:\/\/api.w.org\/{rel}","templated":true}]}}